{"id":573,"date":"2023-10-19T14:58:37","date_gmt":"2023-10-19T07:58:37","guid":{"rendered":"https:\/\/conshochiminh.esteri.it\/?page_id=573"},"modified":"2023-11-13T15:00:05","modified_gmt":"2023-11-13T08:00:05","slug":"acquisizione-tramite-domanda","status":"publish","type":"page","link":"https:\/\/conshochiminh.esteri.it\/it\/servizi-consolari-e-visti\/servizi-per-il-cittadino-straniero\/cittadinanza\/acquisizione-tramite-domanda\/","title":{"rendered":"Acquisizione tramite domanda"},"content":{"rendered":"<h3>Modalit\u00e0 d&#8217;acquisto a domanda<\/h3>\n<h4><strong>Dichiarazione di volont\u00e0 dell\u2019interessato<\/strong><\/h4>\n<p>Se lo straniero \u00e8 discendente da cittadino italiano per nascita (fino al 2\u00b0 grado) pu\u00f2 ottenere la cittadinanza se (in alternativa):<\/p>\n<ul>\n<li>svolge il servizio militare nelle Forze Armate Italiane;<\/li>\n<li>assume un impiego pubblico alle dipendenze dello Stato, anche all\u2019estero;<\/li>\n<li>risiede legalmente in Italia da almeno due anni al raggiungimento della maggiore et\u00e0.<\/li>\n<li>Se lo straniero \u00e8 nato sul territorio italiano pu\u00f2 ottenere la cittadinanza se risiede legalmente ed ininterrottamente in Italia dalla nascita fino al raggiungimento della maggiore et\u00e0.<\/li>\n<\/ul>\n<h4><strong>Matrimonio con cittadino\\a italiano\\a<\/strong><\/h4>\n<p>Il coniuge straniero di un cittadino italiano pu\u00f2 acquistare la cittadinanza italiana su domanda in presenza dei seguenti requisiti:<\/p>\n<ol>\n<li>stabile domicilio in Italia: due anni di residenza legale (permesso di soggiorno e iscrizione anagrafica) dopo il matrimonio (le istanze vanno presentate all&#8217;Ufficio di Cittadinanza della Prefettura);\n<ol>\n<li>residenza all\u2019estero:<em>\u00a0tre anni dalla data del matrimonio (n.b. il matrimonio deve risultare trascritto presso il Comune in Italia).<\/em>\u00a0Tali termini sono ridotti della met\u00e0 in presenza di figli nati o adottati dai coniugi;<\/li>\n<\/ol>\n<\/li>\n<li>Validit\u00e0 del matrimonio e permanenza\u00a0<em>del vincolo coniugale fino all\u2019adozione del decreto<\/em>;<\/li>\n<li>assenza di sentenze di condanna per reati per i quali sia prevista una pena non inferiore nel massimo a tre anni di reclusione o di sentenze di condanna da parte di un\u2019Autorit\u00e0 giudiziaria straniera ad una pena superiore ad un anno per reati non politici;<\/li>\n<li>assenza di condanne per uno dei delitti previsti nel libro secondo, titolo I, capi I, II e III del codice penale (delitti contro la personalit\u00e0 dello Stato);<\/li>\n<li>assenza di motivi ostativi per la sicurezza della Repubblica.<\/li>\n<\/ol>\n<h4><strong>Naturalizzazione<\/strong><\/h4>\n<p>I requisiti sono:<\/p>\n<ul>\n<li>dieci anni di residenza legale;<\/li>\n<li>Reddito sufficiente;<\/li>\n<li>assenza di precedenti penali;<\/li>\n<li>rinuncia alla cittadinanza d\u2019origine (ove prevista).<\/li>\n<\/ul>\n<p>Il numero di anni pu\u00f2 essere abbreviato a:<\/p>\n<ul>\n<li>tre anni di residenza legale per i discendenti di ex cittadini italiani per nascita fino al secondo grado e per gli stranieri nati sul territorio italiano;<\/li>\n<li>quattro anni di residenza legale per i cittadini di uno Stato appartenente alle Comunit\u00e0 Europee;<\/li>\n<li>cinque anni di residenza legale per gli apolidi e i rifugiati, cos\u00ec come per gli stranieri maggiorenni adottati da cittadini italiani;<\/li>\n<li>sette anni di residenza legale per l\u2019affiliato da cittadino italiano;<\/li>\n<li>non \u00e8 richiesto alcun periodo di residenza per gli stranieri che hanno prestato servizio allo Stato per un periodo di almeno cinque anni, anche all\u2019estero.<\/li>\n<\/ul>\n<p>&nbsp;<\/p>\n<p>La domanda di acquisto della cittadinanza, indirizzata al Ministro dell\u2019Interno, va presentata alla Prefettura della Provincia di residenza, se la residenza \u00e8 in Italia, o\u00a0<em>all\u2019Autorit\u00e0 diplomatico-consolare, se la residenza \u00e8 all\u2019estero<\/em>.<\/p>\n<p>Requisiti per la presentazione dell&#8217;istanza presso l&#8217;Autorit\u00e0 Consolare:<\/p>\n<p>Il coniuge italiano deve risultare gi\u00e0 regolarmente iscritto all&#8217;anagrafe degli italiani residenti all&#8217;estero (A.I.R.E.).<\/p>\n<p>Nell\u2019istanza devono essere indicati i presupposti in base ai quali si ritiene di aver titolo all\u2019acquisizione della cittadinanza. Essa deve essere corredata dalla seguente documentazione &#8211; legalizzata e tradotta quando previsto &#8211; (documentazione necessaria per richieste di cittadinanza per matrimonio del coniuge straniero di residenti italiani in questa circoscrizione consolare):<\/p>\n<p>Italiano da eseguirsi presso i traduttori dell\u2019Allegato elenco;<\/p>\n<ul>\n<li>Estratto dell&#8217;atto di Matrimonio rilasciato<\/li>\n<li>Atto di nascita completo di tutte le generalit\u00e0, compresa paternit\u00e0 e maternit\u00e0, legalizzato dalla competente Autorit\u00e0 del Paese d&#8217;origine, per i cittadini vietnamiti dal Ministero Affari Esteri vietnamita o dipartimenti distaccati autorizzati alle legalizzazioni (in Ho Chi Minh City presso l\u2019ufficio del Dipartimento degli Esteri al N. 6 Alexandre de Rhodes, Distretto 1), e munito di traduzione in Italiano da eseguirsi presso i traduttori dell\u2019Allegato elenco;<\/li>\n<li>Certificato penale del Paese di origine e degli eventuali Paesi terzi di residenza, in cui il coniuge straniero ha legalmente risieduto dall&#8217;et\u00e0 di 14 anni in poi, per i cittadini vietnamiti dal Ministero Affari Esteri vietnamita o dipartimenti distaccati autorizzati alle legalizzazioni (in Ho Chi Minh City presso l\u2019ufficio del Dipartimento degli Esteri al N. 6 Alexandre de Rhodes, Distretto 1), e munito di traduzione in dal Comune Italiano dove il Matrimonio \u00e8 stato registrato o trascritto;\n<ul>\n<li>questo certificato ha una validit\u00e0 di sei mesi. Pu\u00f2 avere valore anche successivamente, se l&#8217;utente dichiara, in calce al certificato, che le informazioni in esso contenute non hanno subito modifiche;<\/li>\n<\/ul>\n<\/li>\n<li>Certificato di stato di famiglia (per i residenti nella circoscrizione consolare del Consolato Generale documento emesso d&#8217;ufficio);\n<ul>\n<li>la sede si riserva di richiedere prova di residenza per il coniuge straniero.<\/li>\n<\/ul>\n<\/li>\n<li>Certificato di cittadinanza del coniuge italiano (per i residenti nella circoscrizione consolare del Consolato Generale documento emesso d&#8217;ufficio);<\/li>\n<li>Istanza dell&#8217;interessata\/o di richiesta della cittadinanza italiana, da compilarsi in presenza dell&#8217;addetto consolare, su un modello pluripagine prestampato che \u00e8 fornito dall&#8217;ufficio consolare al momento dell&#8217;appuntamento (Istanza firmata e datata contestualmente alla presentazione di tutti i documenti richiesti. La firma verr\u00e0 autenticata da questa Cancelleria Consolare);<\/li>\n<li>Fotocopia del passaporto di entrambi i coniugi (il documento originale deve essere in corso di validit\u00e0 e deve essere portato al seguito);<\/li>\n<li>ricevuta di bonifico del contributo di 200 euro. (bonifico bancario o circuito Eurogiro al conto corrente postale intestato al Ministero dell&#8217;Interno D.L.C.I. &#8211; Cittadinanza [coordinate IBAN: IT 54D 0760 1032 0000 0000 8090 20; codice BIC\/SWIFT: BPPIITRRXXX; per operazioni Eurogiro: PIBPITRA; indicando la causale del versamento]).<\/li>\n<\/ul>\n<p><b>Sono previsti costi di tariffa consolare per le varie legalizzazioni di firma, per bolli, certificazioni e per la certificazione di conformit\u00e0 agli originali delle traduzioni in Italiano.<\/b><\/p>\n<p>Se al momento della presentazione dell&#8217;istanza la documentazione \u00e8 irregolare o incompleta, si inviter\u00e0 l&#8217;interessato\/a a regolarizzarla, rimanendo la domanda nel frattempo, in sospeso. Trascorso un congruo lasso di tempo senza che il richiedente avr\u00e0 provveduto all&#8217;integrazione dei documenti mancanti, la domanda \u00e8 ritenuta inammissibile.<\/p>\n<p>Il provvedimento finale \u00e8 adottato con decreto del Ministro dell\u2019Interno.<\/p>\n<p><em>N.B. si prega di visitare il sito del Ministero dell&#8217;interno alle pagine Cittadinanza per ulteriori informazioni.<\/em><\/p>\n<p>Dopo l&#8217;emissione del Decreto di Concessione\/Conferimento della Cittadinanza Italiana, e la sua notifica all&#8217;interessato\/a \u00e8 necessario prestare giuramento. Una volta prestato il Giuramento si potr\u00e0 richiedere la trascrizione del Decreto di Cittadinanza nei registri di Stato Civile e procedere con i successivi adempimenti.<\/p>\n","protected":false},"excerpt":{"rendered":"Modalit\u00e0 d&#8217;acquisto a domanda Dichiarazione di volont\u00e0 dell\u2019interessato Se lo straniero \u00e8 discendente da cittadino italiano per nascita (fino al 2\u00b0 grado) pu\u00f2 ottenere la cittadinanza se (in alternativa): svolge il servizio militare nelle Forze Armate Italiane; assume un impiego pubblico alle dipendenze dello Stato, anche all\u2019estero; risiede legalmente in Italia da almeno due anni [&hellip;]","protected":false},"author":7,"featured_media":0,"parent":96,"menu_order":2,"comment_status":"closed","ping_status":"closed","template":"","meta":{"footnotes":""},"class_list":["post-573","page","type-page","status-publish","hentry"],"_links":{"self":[{"href":"https:\/\/conshochiminh.esteri.it\/it\/wp-json\/wp\/v2\/pages\/573","targetHints":{"allow":["GET"]}}],"collection":[{"href":"https:\/\/conshochiminh.esteri.it\/it\/wp-json\/wp\/v2\/pages"}],"about":[{"href":"https:\/\/conshochiminh.esteri.it\/it\/wp-json\/wp\/v2\/types\/page"}],"author":[{"embeddable":true,"href":"https:\/\/conshochiminh.esteri.it\/it\/wp-json\/wp\/v2\/users\/7"}],"replies":[{"embeddable":true,"href":"https:\/\/conshochiminh.esteri.it\/it\/wp-json\/wp\/v2\/comments?post=573"}],"version-history":[{"count":2,"href":"https:\/\/conshochiminh.esteri.it\/it\/wp-json\/wp\/v2\/pages\/573\/revisions"}],"predecessor-version":[{"id":1279,"href":"https:\/\/conshochiminh.esteri.it\/it\/wp-json\/wp\/v2\/pages\/573\/revisions\/1279"}],"up":[{"embeddable":true,"href":"https:\/\/conshochiminh.esteri.it\/it\/wp-json\/wp\/v2\/pages\/96"}],"wp:attachment":[{"href":"https:\/\/conshochiminh.esteri.it\/it\/wp-json\/wp\/v2\/media?parent=573"}],"curies":[{"name":"wp","href":"https:\/\/api.w.org\/{rel}","templated":true}]}}