{"id":571,"date":"2023-10-19T14:56:45","date_gmt":"2023-10-19T07:56:45","guid":{"rendered":"https:\/\/conshochiminh.esteri.it\/?page_id=571"},"modified":"2023-10-19T14:56:45","modified_gmt":"2023-10-19T07:56:45","slug":"acquisizione-automatica-cittadinanza","status":"publish","type":"page","link":"https:\/\/conshochiminh.esteri.it\/it\/servizi-consolari-e-visti\/servizi-per-il-cittadino-straniero\/cittadinanza\/acquisizione-automatica-cittadinanza\/","title":{"rendered":"Acquisizione automatica cittadinanza"},"content":{"rendered":"<p>Modalit\u00e0 di acquisizione automatica:<\/p>\n<ul>\n<li>Per filiazione<\/li>\n<li>Per nascita sul territorio italiano,\n<ul>\n<li>in ogni caso in cui i genitori siano ignoti o apolidi o non trasmettano la propria cittadinanza al figlio secondo la legge dello Stato al quale essi appartengono;<\/li>\n<li>nel caso in cui il figlio di ignoti venga trovato abbandonato in territorio italiano e non si riesca a determinarne lo status civitatis.<\/li>\n<\/ul>\n<\/li>\n<li>Per riconoscimento di paternit\u00e0 o maternit\u00e0, durante la minore et\u00e0 del figlio (nel caso in cui il figlio riconosciuto sia maggiorenne, \u00e8 necessaria la elezione di cittadinanza da parte di quest\u2019ultimo entro un anno dal riconoscimento stesso)<\/li>\n<li>Per adozione, sia che il minore straniero sia adottato da cittadino italiano mediante provvedimento dell\u2019Autorit\u00e0 Giudiziaria italiana, sia nel caso in cui l\u2019adozione venga pronunciata all\u2019estero e resa efficace in Italia con ordine (emanato dal Tribunale per i minorenni) di trascrizione nei Registri dello Stato Civile.<\/li>\n<\/ul>\n<p>Se l\u2019adottato \u00e8 maggiorenne, pu\u00f2 acquistare la cittadinanza italiana per naturalizzazione, decorso un periodo di residenza legale in Italia di 5 anni successivamente all\u2019adozione (vedi in Modalit\u00e0 d\u2019acquisizione a domanda: Naturalizzazione).<\/p>\n","protected":false},"excerpt":{"rendered":"Modalit\u00e0 di acquisizione automatica: Per filiazione Per nascita sul territorio italiano, in ogni caso in cui i genitori siano ignoti o apolidi o non trasmettano la propria cittadinanza al figlio secondo la legge dello Stato al quale essi appartengono; nel caso in cui il figlio di ignoti venga trovato abbandonato in territorio italiano e non [&hellip;]","protected":false},"author":7,"featured_media":0,"parent":96,"menu_order":2,"comment_status":"closed","ping_status":"closed","template":"","meta":{"footnotes":""},"class_list":["post-571","page","type-page","status-publish","hentry"],"_links":{"self":[{"href":"https:\/\/conshochiminh.esteri.it\/it\/wp-json\/wp\/v2\/pages\/571","targetHints":{"allow":["GET"]}}],"collection":[{"href":"https:\/\/conshochiminh.esteri.it\/it\/wp-json\/wp\/v2\/pages"}],"about":[{"href":"https:\/\/conshochiminh.esteri.it\/it\/wp-json\/wp\/v2\/types\/page"}],"author":[{"embeddable":true,"href":"https:\/\/conshochiminh.esteri.it\/it\/wp-json\/wp\/v2\/users\/7"}],"replies":[{"embeddable":true,"href":"https:\/\/conshochiminh.esteri.it\/it\/wp-json\/wp\/v2\/comments?post=571"}],"version-history":[{"count":1,"href":"https:\/\/conshochiminh.esteri.it\/it\/wp-json\/wp\/v2\/pages\/571\/revisions"}],"predecessor-version":[{"id":572,"href":"https:\/\/conshochiminh.esteri.it\/it\/wp-json\/wp\/v2\/pages\/571\/revisions\/572"}],"up":[{"embeddable":true,"href":"https:\/\/conshochiminh.esteri.it\/it\/wp-json\/wp\/v2\/pages\/96"}],"wp:attachment":[{"href":"https:\/\/conshochiminh.esteri.it\/it\/wp-json\/wp\/v2\/media?parent=571"}],"curies":[{"name":"wp","href":"https:\/\/api.w.org\/{rel}","templated":true}]}}