{"id":454,"date":"2023-10-17T10:11:27","date_gmt":"2023-10-17T03:11:27","guid":{"rendered":"https:\/\/conshochiminh.esteri.it\/?page_id=454"},"modified":"2025-08-29T12:45:00","modified_gmt":"2025-08-29T05:45:00","slug":"curriculum","status":"publish","type":"page","link":"https:\/\/conshochiminh.esteri.it\/it\/chi-siamo\/il-console-generale\/curriculum\/","title":{"rendered":"Curriculum"},"content":{"rendered":"<p><strong>Alessandra TOGNONATO <\/strong><\/p>\n<p><strong><em>Console Generale d\u2019Italia in Ho Chi Minh City dal 19 agosto 2025<\/em><\/strong><\/p>\n<p><strong><em><img loading=\"lazy\" decoding=\"async\" class=\"alignnone size-medium wp-image-4717 img-fluid\" src=\"https:\/\/conshochiminh.esteri.it\/wp-content\/uploads\/2025\/08\/Foto-CG-Tognonato-225x300.jpg\" alt=\"\" width=\"225\" height=\"300\" srcset=\"https:\/\/conshochiminh.esteri.it\/wp-content\/uploads\/2025\/08\/Foto-CG-Tognonato-225x300.jpg 225w, https:\/\/conshochiminh.esteri.it\/wp-content\/uploads\/2025\/08\/Foto-CG-Tognonato-768x1024.jpg 768w, https:\/\/conshochiminh.esteri.it\/wp-content\/uploads\/2025\/08\/Foto-CG-Tognonato.jpg 1920w\" sizes=\"auto, (max-width: 225px) 100vw, 225px\" \/><\/em><\/strong><\/p>\n<p>Nata a Ivrea il 17 agosto 1976, si \u00e8 laureata con lode in Scienze Internazionali e Diplomatiche all&#8217;Universit\u00e0 di Trieste nel 1999.<\/p>\n<p>\u00c8 entrata in carriera diplomatica nel 2001 e ha iniziato il suo percorso professionale presso la Direzione Generale per l&#8217;Europa del Ministero degli Affari Esteri italiano.<\/p>\n<p>Nel 2003-2004 ha seguito un programma di formazione per alti funzionari in materia di pubblica amministrazione presso l&#8217;Ecole Nationale d&#8217;Administration (ENA) a Parigi.<\/p>\n<p>Come primo incarico all&#8217;estero, tra il 2004 e il 2007 ha prestato servizio come Console d&#8217;Italia presso il Consolato Generale a Buenos Aires.<\/p>\n<p>Dal 2008 al 2012 ha ricoperto il ruolo di Vice Capo dell&#8217;Ufficio Politico presso l&#8217;Ambasciata d&#8217;Italia a Berlino.<\/p>\n<p>Nel 2012 \u00e8 stata promossa al grado di Consigliere di Legazione ed \u00e8 rientrata a Roma presso il Ministero degli Affari Esteri, dove ha assunto l&#8217;incarico di Vice Capo dell&#8217;Ufficio Disarmo e Non Proliferazione alla Direzione Generale Affari Politici.<\/p>\n<p>E\u2019 stata in seguito assegnata come Consigliere all&#8217;Ambasciata d&#8217;Italia al Cairo quale responsabile, dal 2015 al 2018, dell&#8217;Ufficio consolare e del settore migrazione.<\/p>\n<p>Dal 2018 al 2022 ha prestato servizio presso l&#8217;Ambasciata d&#8217;Italia a Berlino come Portavoce e Capo Ufficio Stampa e Comunicazione.<\/p>\n<p>Nel 2020 \u00e8 stata promossa al grado di Consigliere d\u2019Ambasciata.<\/p>\n<p>Tornata a Roma, \u00e8 stata prima nominata Consigliere per la comunicazione presso la Direzione Generale per la Promozione dell&#8217;Italia. Dalla fine del 2022, all&#8217;interno della stessa Direzione Generale, \u00e8 Capo Ufficio per la cooperazione scientifica e tecnologica bilaterale, responsabile della Diplomazia scientifica e della rete di Addetti scientifici italiani attivi presso Ambasciate e Consolati nel mondo.<\/p>\n<p>Nel 2016 \u00e8 stata insignita del titolo di Cavaliere dell&#8217;Ordine al Merito della Repubblica Italiana.<\/p>\n<p>Il 21 agosto 2025 ha presentato le lettere patenti e ricevuto l\u2019Exequatur dal Governo vietnamita in qualita\u2019 di Console Generale d\u2019Italia a Ho Chi Minh City.<\/p>\n<p>Di madrelingua italiana e francese, parla correntemente tedesco, inglese, spagnolo e ha una buona conoscenza del giapponese.<\/p>\n<p>Ha due figli, Vanessa e Maximilian.<\/p>\n<p>&nbsp;<\/p>\n<p>&nbsp;<\/p>\n<p><strong>Consoli Generali che hanno servito a Ho Chi Minh City<\/strong><\/p>\n<p><strong>Enrico PADULA<\/strong><\/p>\n<p><em>Ottobre 2021 &#8211; Agosto 2025<\/em><\/p>\n<p><strong>Dante BRANDI<\/strong><br \/>\nMarzo 2018 &#8211; Settembre 2021<\/p>\n<p><strong>Carlotta COLLI<\/strong><br \/>\nSettembre 2014 \u2013 Marzo 2018<\/p>\n<p>&nbsp;<\/p>\n","protected":false},"excerpt":{"rendered":"Alessandra TOGNONATO Console Generale d\u2019Italia in Ho Chi Minh City dal 19 agosto 2025 Nata a Ivrea il 17 agosto 1976, si \u00e8 laureata con lode in Scienze Internazionali e Diplomatiche all&#8217;Universit\u00e0 di Trieste nel 1999. \u00c8 entrata in carriera diplomatica nel 2001 e ha iniziato il suo percorso professionale presso la Direzione Generale per [&hellip;]","protected":false},"author":7,"featured_media":0,"parent":34,"menu_order":2,"comment_status":"closed","ping_status":"closed","template":"","meta":{"footnotes":""},"class_list":["post-454","page","type-page","status-publish","hentry"],"_links":{"self":[{"href":"https:\/\/conshochiminh.esteri.it\/it\/wp-json\/wp\/v2\/pages\/454","targetHints":{"allow":["GET"]}}],"collection":[{"href":"https:\/\/conshochiminh.esteri.it\/it\/wp-json\/wp\/v2\/pages"}],"about":[{"href":"https:\/\/conshochiminh.esteri.it\/it\/wp-json\/wp\/v2\/types\/page"}],"author":[{"embeddable":true,"href":"https:\/\/conshochiminh.esteri.it\/it\/wp-json\/wp\/v2\/users\/7"}],"replies":[{"embeddable":true,"href":"https:\/\/conshochiminh.esteri.it\/it\/wp-json\/wp\/v2\/comments?post=454"}],"version-history":[{"count":3,"href":"https:\/\/conshochiminh.esteri.it\/it\/wp-json\/wp\/v2\/pages\/454\/revisions"}],"predecessor-version":[{"id":4765,"href":"https:\/\/conshochiminh.esteri.it\/it\/wp-json\/wp\/v2\/pages\/454\/revisions\/4765"}],"up":[{"embeddable":true,"href":"https:\/\/conshochiminh.esteri.it\/it\/wp-json\/wp\/v2\/pages\/34"}],"wp:attachment":[{"href":"https:\/\/conshochiminh.esteri.it\/it\/wp-json\/wp\/v2\/media?parent=454"}],"curies":[{"name":"wp","href":"https:\/\/api.w.org\/{rel}","templated":true}]}}