{"id":452,"date":"2023-10-17T10:10:06","date_gmt":"2023-10-17T03:10:06","guid":{"rendered":"https:\/\/conshochiminh.esteri.it\/?page_id=452"},"modified":"2025-09-10T11:57:16","modified_gmt":"2025-09-10T04:57:16","slug":"messaggio","status":"publish","type":"page","link":"https:\/\/conshochiminh.esteri.it\/it\/chi-siamo\/il-console-generale\/messaggio\/","title":{"rendered":"Messaggio"},"content":{"rendered":"<p><img loading=\"lazy\" decoding=\"async\" class=\" wp-image-4798 img-fluid aligncenter\" src=\"https:\/\/conshochiminh.esteri.it\/wp-content\/uploads\/2025\/09\/foto-console-per-sito-300x225.jpg\" alt=\"\" width=\"407\" height=\"305\" srcset=\"https:\/\/conshochiminh.esteri.it\/wp-content\/uploads\/2025\/09\/foto-console-per-sito-300x225.jpg 300w, https:\/\/conshochiminh.esteri.it\/wp-content\/uploads\/2025\/09\/foto-console-per-sito-1024x768.jpg 1024w, https:\/\/conshochiminh.esteri.it\/wp-content\/uploads\/2025\/09\/foto-console-per-sito-768x576.jpg 768w, https:\/\/conshochiminh.esteri.it\/wp-content\/uploads\/2025\/09\/foto-console-per-sito.jpg 1920w\" sizes=\"auto, (max-width: 407px) 100vw, 407px\" \/><\/p>\n<p>Cari Connazionali, cari Amici dell\u2019Italia,<\/p>\n<p>\u00e8 per me un grande onore assumere le funzioni di Console Generale d\u2019Italia a Ho Chi Minh City.<\/p>\n<p>Ho Chi Minh City, divenuta con la recente riforma amministrativa una grande area metropolitana con oltre dieci milioni di abitanti, \u00e8 il cuore economico del Paese: una citt\u00e0 che vibra di energia, innovazione e calore umano. Il Vietnam, in rapida crescita, \u00e8 oggi primo partner commerciale dell\u2019Italia nell\u2019area ASEAN e snodo strategico degli scambi globali, come ha recentemente ricordato il Vice Presidente del Consiglio e Ministro degli Affari Esteri Antonio Tajani (<a href=\"https:\/\/ambhanoi.esteri.it\/wp-content\/uploads\/2025\/08\/Guida-agli-affari-Vietnam-def-1.pdf\">Diplomazia della Crescita \u2013 Destinazione Vietnam<\/a>).<\/p>\n<p>In questo contesto, i miei obiettivi prioritari sono: operare in sinergia con l\u2019Ambasciata d\u2019Italia a Hanoi e con tutto il Sistema Italia per rafforzare il ruolo e l\u2019immagine del nostro Paese; promuovere il Made in Italy e le eccellenze italiane in campo economico, scientifico, tecnologico, accademico e culturale; sostenere le nostre imprese\u2014dalle grandi aziende alle startup\u2014nell\u2019accesso alle opportunit\u00e0 offerte dal mercato locale, in particolare nei settori ad alta tecnologia.<\/p>\n<p>Dal 2014 il Consolato Generale sostiene e rafforza i legami bilaterali, costruendo ponti che avvicinano le nostre comunit\u00e0. Intendo proseguire questo impegno con rinnovata determinazione e spirito di servizio.<\/p>\n<p>So di poter contare su una comunit\u00e0 italiana dinamica e intraprendente, che contribuisce ogni giorno a trasmettere un\u2019immagine positiva dell\u2019Italia in Vietnam.<\/p>\n<p>Vi invito a seguire le nostre attivit\u00e0 e a interagire con noi anche attraverso i canali ufficiali del Consolato Generale (<a href=\"https:\/\/www.instagram.com\/italyinhcmc\/\">Instagram<\/a><a href=\"https:\/\/www.facebook.com\/ItalyinHoChiMinhCity\">, Facebook,<\/a> <a href=\"https:\/\/x.com\/ItalyinHCMC\">X<\/a>).<\/p>\n<p>Alessandra Tognonato<br \/>\nConsole Generale d\u2019Italia a Ho Chi Minh City<\/p>\n","protected":false},"excerpt":{"rendered":"Cari Connazionali, cari Amici dell\u2019Italia, \u00e8 per me un grande onore assumere le funzioni di Console Generale d\u2019Italia a Ho Chi Minh City. Ho Chi Minh City, divenuta con la recente riforma amministrativa una grande area metropolitana con oltre dieci milioni di abitanti, \u00e8 il cuore economico del Paese: una citt\u00e0 che vibra di energia, [&hellip;]","protected":false},"author":7,"featured_media":0,"parent":34,"menu_order":1,"comment_status":"closed","ping_status":"closed","template":"","meta":{"footnotes":""},"class_list":["post-452","page","type-page","status-publish","hentry"],"_links":{"self":[{"href":"https:\/\/conshochiminh.esteri.it\/it\/wp-json\/wp\/v2\/pages\/452","targetHints":{"allow":["GET"]}}],"collection":[{"href":"https:\/\/conshochiminh.esteri.it\/it\/wp-json\/wp\/v2\/pages"}],"about":[{"href":"https:\/\/conshochiminh.esteri.it\/it\/wp-json\/wp\/v2\/types\/page"}],"author":[{"embeddable":true,"href":"https:\/\/conshochiminh.esteri.it\/it\/wp-json\/wp\/v2\/users\/7"}],"replies":[{"embeddable":true,"href":"https:\/\/conshochiminh.esteri.it\/it\/wp-json\/wp\/v2\/comments?post=452"}],"version-history":[{"count":6,"href":"https:\/\/conshochiminh.esteri.it\/it\/wp-json\/wp\/v2\/pages\/452\/revisions"}],"predecessor-version":[{"id":4811,"href":"https:\/\/conshochiminh.esteri.it\/it\/wp-json\/wp\/v2\/pages\/452\/revisions\/4811"}],"up":[{"embeddable":true,"href":"https:\/\/conshochiminh.esteri.it\/it\/wp-json\/wp\/v2\/pages\/34"}],"wp:attachment":[{"href":"https:\/\/conshochiminh.esteri.it\/it\/wp-json\/wp\/v2\/media?parent=452"}],"curies":[{"name":"wp","href":"https:\/\/api.w.org\/{rel}","templated":true}]}}