{"id":4472,"date":"2025-04-03T11:47:03","date_gmt":"2025-04-03T04:47:03","guid":{"rendered":"https:\/\/conshochiminh.esteri.it\/?page_id=4472"},"modified":"2025-04-03T12:22:50","modified_gmt":"2025-04-03T05:22:50","slug":"referendum-abrogativi-2025","status":"publish","type":"page","link":"https:\/\/conshochiminh.esteri.it\/it\/servizi-consolari-e-visti\/servizi-per-il-cittadino-italiano\/servizi-elettorali\/referendum-abrogativi-2025\/","title":{"rendered":"Referendum abrogativi 2025"},"content":{"rendered":"<h3 class=\"entry-title h3\">Voto per corrispondenza dei cittadini italiani residenti all\u2019estero e opzione per il voto in Italia<\/h3>\n<p>Con Decreti del Presidente della Repubblica del 31\/03\/2025, pubblicati nella Gazzetta Ufficiale del 31\/03\/2025, \u00e8 stata fissata ai giorni\u00a0<strong>8 e 9 giugno 2025<\/strong>\u00a0la data dei\u00a0<strong>referendum abrogativi ex art. 75 della Costituzione<\/strong>.<\/p>\n<p>Si ricorda che\u00a0<strong>il voto \u00e8 un diritto<\/strong>\u00a0tutelato dalla Costituzione italiana e che, in base alla Legge 27 dicembre 2001, n. 459, i cittadini italiani residenti all\u2019estero, iscritti nelle liste elettorali, possono<strong>\u00a0VOTARE PER POSTA<\/strong>, ricevendo il plico elettorale al proprio indirizzo di residenza. A tal fine, si raccomanda di controllare e regolarizzare la propria situazione anagrafica e di indirizzo presso l\u2019Ufficio consolare competente, utilizzando preferibilmente il portale online dei servizi consolari\u00a0<strong>Fast It<\/strong>\u00a0(<a href=\"https:\/\/serviziconsolari.esteri.it\/ScoFE\/index.sco\">https:\/\/serviziconsolari.esteri.it\/ScoFE\/index.sco<\/a>).<\/p>\n<p><strong>In alternativa al voto per corrispondenza, gli elettori iscritti all\u2019AIRE possono SCEGLIERE DI VOTARE IN ITALIA PRESSO IL PROPRIO COMUNE DI ISCRIZIONE ELETTORALE, comunicando\u00a0per iscritto la propria scelta (opzione) all\u2019Ufficio Consolare\u00a0ENTRO GIOVED\u00cc 10 APRILE 2025<\/strong>. Gli elettori che scelgono di votare in Italia in occasione della prossima consultazione referendaria riceveranno dai rispettivi Comuni italiani la cartolina-avviso per votare presso i seggi elettorali in Italia. La scelta (opzione) di votare in Italia vale\u00a0<u>solo<\/u>\u00a0per la consultazione referendaria rispetto alla quale \u00e8 espressa.<\/p>\n<p>Si ribadisce che in ogni caso<strong>\u00a0l\u2019opzione deve\u00a0pervenire\u00a0all\u2019Ufficio Consolare non oltre i dieci giorni successivi a quello dell\u2019indizione delle votazioni, ovvero\u00a0ENTRO GIOVED\u00cc 10 APRILE 2025.\u00a0<\/strong>Tale comunicazione pu\u00f2 essere scritta su carta semplice e \u2013 per essere valida \u2013 deve contenere nome, cognome, data e luogo di nascita, luogo di residenza e firma dell\u2019elettore, accompagnata da copia di un documento di identit\u00e0 del dichiarante.<\/p>\n<p>Per tale comunicazione si pu\u00f2 anche utilizzare l\u2019<strong>APPOSITO MODULO<\/strong>\u00a0scaricabile dal sito web del Ministero degli Affari Esteri e della Cooperazione Internazionale (<a href=\"https:\/\/www.esteri.it\/it\/\">https:\/\/www.esteri.it\/it\/<\/a>) o da quello del Consolato Generale (<u><a href=\"https:\/\/conshochiminh.esteri.it\/it\/\">https:\/\/conshochiminh.esteri.it\/it\/<\/a><\/u>).<\/p>\n<p>Il modulo,\u00a0<strong>debitamente compilato, firmato e accompagnato da un documento d\u2019identit\u00e0<\/strong>, pu\u00f2 essere\u00a0<strong>consegnato\/inviato<\/strong>:<\/p>\n<ul>\n<li><strong>a mano<\/strong>:\u00a0<em>Consolato Generale d\u2019Italia in Ho Chi Minh City (10\u00b0 piano \u2013 President Place \u2013 93 Nguyen Du \u2013 Ben Nghe \u2013 Distretto 1 \u2013 HCMC)<\/em>\n<ul>\n<li><em>luned\u00ec, marted\u00ec, gioved\u00ec e venerd\u00ec dalle 09:30 alle 12:30<\/em><\/li>\n<li><em>mercoled\u00ec dalle 14:00 alle 16.00<\/em><\/li>\n<\/ul>\n<\/li>\n<li><strong>per posta<\/strong>:\u00a0<em>Consolato Generale d\u2019Italia in Ho Chi Minh City (10\u00b0 piano \u2013 President Place \u2013 93 Nguyen Du \u2013 Ben Nghe \u2013 Distretto 1 \u2013 HCMC)<\/em><\/li>\n<li><strong>per posta elettronica ordinaria<\/strong>:\u00a0<a href=\"mailto:hochiminh.elettorale@esteri.it\"><em>hochiminh.elettorale@esteri.it<\/em><\/a><\/li>\n<li><strong>per posta elettronica certificata<\/strong>:<em>\u00a0<\/em><a href=\"mailto:con.hochiminhcity@cert.esteri.it\"><em>con.hochiminhcity@cert.esteri.it<\/em><\/a><\/li>\n<\/ul>\n<p>Come prescritto dalla normativa vigente, s<u>ar\u00e0 cura degli elettori verificare che la comunicazione di opzione spedita per posta sia stata ricevuta in tempo utile dal proprio Ufficio consolare<\/u>.\u00a0<strong>Le richieste pervenute oltre il termine sopra indicato\u00a0non\u00a0potranno essere ritenute valide<\/strong>.<\/p>\n<p>La\u00a0<strong>SCELTA DI VOTARE IN ITALIA PU\u00d2 ESSERE SUCCESSIVAMENTE<\/strong>\u00a0<strong>REVOCATA<\/strong>\u00a0con una comunicazione scritta da inviare o consegnare all\u2019Ufficio Consolare\u00a0<strong>con le stesse modalit\u00e0 ed\u00a0ENTRO LA STESSA DATA\u00a0prevista per l\u2019esercizio dell\u2019opzione<\/strong>.<\/p>\n<p>Se si sceglie di rientrare in Italia per votare,\u00a0<strong>la Legge\u00a0non\u00a0prevede alcun tipo di rimborso<\/strong>\u00a0per le spese di viaggio sostenute, ma solo agevolazioni tariffarie all\u2019interno del territorio italiano.<\/p>\n<p>Il Consolato Generale d\u2019Italia in Ho Chi Minh City \u00e8 a disposizione per ogni ulteriore chiarimento.<\/p>\n<p>******<\/p>\n<p><strong>Per cosa si vota?<\/strong><\/p>\n<p>Con i Decreti del Presidente della Repubblica del 31\/03 2025, pubblicati nella Gazzetta Ufficiale, Serie Generale, n. 75, del 31\/03\/2025, sono stati indetti\u00a0<strong>5 referendum popolari abrogativi<\/strong>\u00a0per:<\/p>\n<ol>\n<li>Cittadinanza italiana: Dimezzamento da 10 a 5 anni dei tempi di residenza legale in Italia dello straniero maggiorenne extracomunitario per la richiesta di concessione della cittadinanza italiana.<\/li>\n<li>Contratto di lavoro a tutele crescenti \u2013 disciplina dei licenziamenti illegittimi: Abrogazione.<\/li>\n<li>Piccole imprese \u2013 licenziamenti e relativa indennit\u00e0: Abrogazione parziale.<\/li>\n<li>Abrogazione parziale di norme in materia di apposizione di termine al contratto di lavoro subordinato, durata massima e condizioni per proroghe e rinnovi.<\/li>\n<li>Esclusione della responsabilit\u00e0 solidale del committente, dell\u2019appaltatore e del subappaltatore per infortuni subiti dal lavoratore dipendente di impresa appaltatrice o subappaltatrice, come conseguenza dei rischi specifici propri dell\u2019attivit\u00e0 delle imprese appaltatrici o subappaltatrici: Abrogazione.<\/li>\n<\/ol>\n<p><strong>Chi pu\u00f2 votare all\u2019estero?<\/strong><\/p>\n<ul>\n<li><strong>Gli elettori iscritti all\u2019AIRE<\/strong>\u00a0(Anagrafe degli Italiani Residenti all\u2019Estero), che ricevono direttamente il plico elettorale al proprio indirizzo di residenza all\u2019estero<\/li>\n<li><strong>Gli italiani temporaneamente\u00a0<\/strong>all\u2019estero per almeno tre mesi, esclusivamente PER MOTIVI DI LAVORO, STUDIO O CURE MEDICHE, e i familiari con essi conviventi all\u2019estero.<\/li>\n<\/ul>\n<p><strong><u>ATTENZIONE<\/u><\/strong>: l\u2019elettore temporaneamente all\u2019estero deve presentare apposita richiesta al Comune italiano di residenza\u00a0<strong>ENTRO IL 7 MAGGIO\u00a0<\/strong>per ricevere il plico elettorale<strong>.<\/strong><\/p>\n<p><strong>Quando si vota?<\/strong><\/p>\n<ul>\n<li><strong>In Italia<\/strong>\u00a0si vota domenica 8 e luned\u00ec 9 giugno 2025.<\/li>\n<\/ul>\n<p><strong>Gli elettori all\u2019estero votano in anticipo<\/strong>, per corrispondenza. I plichi verranno spediti all\u2019indirizzo di residenza\u00a0<strong>ENTRO 21 MAGGIO<\/strong>.<\/p>\n<p><strong><u>ATTENZIONE<\/u><\/strong>: gli elettori che\u00a0<strong>ENTRO IL 25 MAGGIO<\/strong>\u00a0<strong>non abbiano ancora ricevuto il plico<\/strong>\u00a0elettorale potranno contattare il proprio ufficio consolare per ottenere il\u00a0<strong>DUPLICATO<\/strong><\/p>\n<p><strong>Come si vota?<\/strong><\/p>\n<p><strong>Il voto avviene per corrispondenza<\/strong>. Le schede dovranno essere rispedite al consolato seguendo attentamente<strong>\u00a0le indicazioni del foglio informativo<\/strong>\u00a0presente nel plico elettorale ed utilizzando unicamente il materiale con esso fornito. Saranno trasmesse in Italia per lo scrutinio solamente le schede votate recapitate all\u2019ufficio consolare di riferimento\u00a0<strong>ENTRO E NON OLTRE LE ORE 16:00 LOCALI DI GIOVED\u00cc 5 GIUGNO.<\/strong><\/p>\n","protected":false},"excerpt":{"rendered":"Voto per corrispondenza dei cittadini italiani residenti all\u2019estero e opzione per il voto in Italia Con Decreti del Presidente della Repubblica del 31\/03\/2025, pubblicati nella Gazzetta Ufficiale del 31\/03\/2025, \u00e8 stata fissata ai giorni\u00a08 e 9 giugno 2025\u00a0la data dei\u00a0referendum abrogativi ex art. 75 della Costituzione. Si ricorda che\u00a0il voto \u00e8 un diritto\u00a0tutelato dalla Costituzione [&hellip;]","protected":false},"author":4,"featured_media":0,"parent":88,"menu_order":0,"comment_status":"closed","ping_status":"closed","template":"","meta":{"footnotes":""},"class_list":["post-4472","page","type-page","status-publish","hentry"],"_links":{"self":[{"href":"https:\/\/conshochiminh.esteri.it\/it\/wp-json\/wp\/v2\/pages\/4472","targetHints":{"allow":["GET"]}}],"collection":[{"href":"https:\/\/conshochiminh.esteri.it\/it\/wp-json\/wp\/v2\/pages"}],"about":[{"href":"https:\/\/conshochiminh.esteri.it\/it\/wp-json\/wp\/v2\/types\/page"}],"author":[{"embeddable":true,"href":"https:\/\/conshochiminh.esteri.it\/it\/wp-json\/wp\/v2\/users\/4"}],"replies":[{"embeddable":true,"href":"https:\/\/conshochiminh.esteri.it\/it\/wp-json\/wp\/v2\/comments?post=4472"}],"version-history":[{"count":2,"href":"https:\/\/conshochiminh.esteri.it\/it\/wp-json\/wp\/v2\/pages\/4472\/revisions"}],"predecessor-version":[{"id":4475,"href":"https:\/\/conshochiminh.esteri.it\/it\/wp-json\/wp\/v2\/pages\/4472\/revisions\/4475"}],"up":[{"embeddable":true,"href":"https:\/\/conshochiminh.esteri.it\/it\/wp-json\/wp\/v2\/pages\/88"}],"wp:attachment":[{"href":"https:\/\/conshochiminh.esteri.it\/it\/wp-json\/wp\/v2\/media?parent=4472"}],"curies":[{"name":"wp","href":"https:\/\/api.w.org\/{rel}","templated":true}]}}