{"id":4397,"date":"2025-02-20T14:09:30","date_gmt":"2025-02-20T07:09:30","guid":{"rendered":"https:\/\/conshochiminh.esteri.it\/?page_id=4397"},"modified":"2026-03-04T16:02:48","modified_gmt":"2026-03-04T09:02:48","slug":"focus-accordo-di-libero-scambio-ue-vietnam","status":"publish","type":"page","link":"https:\/\/conshochiminh.esteri.it\/it\/italia-e-vietnam\/diplomazia-economica\/focus-accordo-di-libero-scambio-ue-vietnam\/","title":{"rendered":"Focus Accordo di libero scambio UE-Vietnam"},"content":{"rendered":"<p><img loading=\"lazy\" decoding=\"async\" class=\"wp-image-4400 img-fluid alignnone\" src=\"https:\/\/conshochiminh.esteri.it\/wp-content\/uploads\/2025\/02\/evfta.png\" alt=\"\" width=\"304\" height=\"209\" \/><\/p>\n<div class=\"flex flex-col text-sm pb-25\">\n<article class=\"text-token-text-primary w-full focus:outline-none [--shadow-height:45px] has-data-writing-block:pointer-events-none has-data-writing-block:-mt-(--shadow-height) has-data-writing-block:pt-(--shadow-height) [&amp;:has([data-writing-block])&gt;*]:pointer-events-auto scroll-mt-[calc(var(--header-height)+min(200px,max(70px,20svh)))]\" dir=\"auto\" tabindex=\"-1\" data-turn-id=\"request-WEB:7ff72a07-1e16-4d23-8e96-339c4010ce2b-5\" data-testid=\"conversation-turn-2\" data-scroll-anchor=\"true\" data-turn=\"assistant\">\n<div class=\"text-base my-auto mx-auto pb-10 [--thread-content-margin:--spacing(4)] @w-sm\/main:[--thread-content-margin:--spacing(6)] @w-lg\/main:[--thread-content-margin:--spacing(16)] px-(--thread-content-margin)\">\n<div class=\"[--thread-content-max-width:40rem] @w-lg\/main:[--thread-content-max-width:48rem] mx-auto max-w-(--thread-content-max-width) flex-1 group\/turn-messages focus-visible:outline-hidden relative flex w-full min-w-0 flex-col agent-turn\" tabindex=\"-1\">\n<div class=\"flex max-w-full flex-col grow\">\n<div class=\"min-h-8 text-message relative flex w-full flex-col items-end gap-2 text-start break-words whitespace-normal [.text-message+&amp;]:mt-1\" dir=\"auto\" data-message-author-role=\"assistant\" data-message-id=\"b4fc36b3-92e9-4a3c-9510-cff266ae0ac2\" data-message-model-slug=\"gpt-5-2\">\n<div class=\"flex w-full flex-col gap-1 empty:hidden first:pt-[1px]\">\n<div class=\"markdown prose dark:prose-invert w-full wrap-break-word light markdown-new-styling\">\n<p data-start=\"0\" data-end=\"365\">L\u2019accordo di libero scambio tra <span class=\"hover:entity-accent entity-underline inline cursor-pointer align-baseline\"><span class=\"whitespace-normal\">Unione Europea<\/span><\/span> e <span class=\"hover:entity-accent entity-underline inline cursor-pointer align-baseline\"><span class=\"whitespace-normal\">Vietnam<\/span><\/span>, in vigore dal 1\u00b0 agosto 2020, consolida le relazioni bilaterali e rappresenta un passaggio strategico nelle collaborazioni economiche nel contesto regionale, favorendo l\u2019ingresso delle imprese europee nei Paesi dell\u2019<span class=\"hover:entity-accent entity-underline inline cursor-pointer align-baseline\"><span class=\"whitespace-normal\">ASEAN<\/span><\/span>.<\/p>\n<p data-start=\"367\" data-end=\"904\">Si tratta dell\u2019accordo pi\u00f9 ambizioso tra quelli stipulati dalla UE con un Paese emergente e costituisce un\u2019opportunit\u00e0 rilevante per le aziende italiane interessate agli scambi commerciali con il Vietnam. L\u2019intesa elimina la quasi totalit\u00e0 di dazi e tariffe per l\u2019esportazione, sia per beni materiali sia nel settore dei servizi. A ci\u00f2 si aggiungono disposizioni per l\u2019agevolazione degli scambi commerciali, volte a modernizzare e semplificare le procedure di import\/export e a ridurre le barriere non tariffarie al commercio bilaterale.<\/p>\n<p data-start=\"906\" data-end=\"1387\">Il Vietnam garantisce inoltre un uso corretto dell\u2019indicazione di provenienza dei prodotti, un vantaggio significativo per il marchio \u201cMade in Italy\u201d, che risulta cos\u00ec maggiormente tutelato dalla concorrenza fraudolenta a livello locale e internazionale. L\u2019accordo protegge 169 Indicazioni Geografiche europee, di cui 38 italiane. Un ulteriore elemento di interesse \u00e8 la possibilit\u00e0 per le imprese europee di partecipare a bandi pubblici per lo sviluppo infrastrutturale nel Paese.<\/p>\n<p data-start=\"1389\" data-end=\"2130\">L\u2019intesa contribuisce ad aumentare in modo significativo l\u2019interscambio tra UE e Vietnam: secondo le analisi della Commissione europea, le esportazioni europee verso il Vietnam registrano un incremento stimato del 29%, mentre quelle vietnamite verso l\u2019UE crescono del 18%. Pi\u00f9 complessi da quantificare, ma rilevanti, risultano i benefici legati al rafforzamento dei rapporti economici con il Vietnam e, pi\u00f9 in generale, con l\u2019area ASEAN, una regione caratterizzata da forti potenzialit\u00e0 economiche e da catene di produzione altamente efficienti. L\u2019aumento degli investimenti diretti e l\u2019intensificazione degli scambi di beni e servizi favoriscono una maggiore integrazione tra le catene produttive del Sud-Est asiatico e il mercato europeo.<\/p>\n<p data-start=\"2132\" data-end=\"2523\" data-is-last-node=\"\" data-is-only-node=\"\">L\u2019accordo contribuisce cos\u00ec a creare un ambiente commerciale pi\u00f9 prevedibile e stabile, offrendo opportunit\u00e0 concrete alle imprese europee e italiane. Il Vietnam attraversa una fase di progressiva liberalizzazione economica e si conferma una delle economie pi\u00f9 dinamiche della regione, nonch\u00e9 un punto di accesso strategico per sviluppare relazioni commerciali con gli altri Paesi dell\u2019area.<\/p>\n<\/div>\n<\/div>\n<\/div>\n<\/div>\n<\/div>\n<\/div>\n<\/article>\n<\/div>\n<p>******************************************************************************************************************<\/p>\n<p>Per ulteriori informazioni e approfondimenti:<\/p>\n<p>\u2013\u00a0<a href=\"https:\/\/eur-lex.europa.eu\/legal-content\/IT\/TXT\/?uri=OJ:L:2020:186:TOC\">Testo italiano dell\u2019accordo<\/a><\/p>\n<p>\u2013\u00a0<a href=\"https:\/\/trade.ec.europa.eu\/access-to-markets\/en\/content\">Access2Markets: portale informativo dell\u2019UE<\/a><\/p>\n<p>\u2013\u00a0<a href=\"https:\/\/taxation-customs.ec.europa.eu\/system\/files\/2022-11\/EVFTA-guidance_0.pdf\">Guida UE alle regole di origine<\/a><\/p>\n<p>\u2013\u00a0<a href=\"https:\/\/www.eu-vietnam-fta-sme-guide.eu\/\">Guida online per le piccole e medie imprese UE<\/a><\/p>\n<p>\u2013\u00a0<a href=\"https:\/\/ambhanoi.esteri.it\/wp-content\/uploads\/2023\/12\/Guida-alla-tutela-della-proprieta-intellettuale-ed-ostacoli-al-commercio-in-Vietnam-.pdf\">Guida alla tutela della proprieta\u2019 intellettuale<\/a><\/p>\n<p>\u2013\u00a0<a href=\"https:\/\/ambhanoi.esteri.it\/wp-content\/uploads\/2023\/12\/Presentation-Work-Permits.pdf\">Presentazione sul sistema dei visti per lavoro<\/a><\/p>\n<p>\u2013\u00a0<a href=\"https:\/\/ambhanoi.esteri.it\/wp-content\/uploads\/2025\/02\/IPR-Desk-Focus-Ristorazione.pdf\">Guida all\u2019esercizio delle attivita\u2019 di ristorazione<\/a><\/p>\n","protected":false},"excerpt":{"rendered":"L\u2019accordo di libero scambio tra Unione Europea e Vietnam, in vigore dal 1\u00b0 agosto 2020, consolida le relazioni bilaterali e rappresenta un passaggio strategico nelle collaborazioni economiche nel contesto regionale, favorendo l\u2019ingresso delle imprese europee nei Paesi dell\u2019ASEAN. Si tratta dell\u2019accordo pi\u00f9 ambizioso tra quelli stipulati dalla UE con un Paese emergente e costituisce un\u2019opportunit\u00e0 [&hellip;]","protected":false},"author":4,"featured_media":0,"parent":40,"menu_order":0,"comment_status":"closed","ping_status":"closed","template":"","meta":{"footnotes":""},"class_list":["post-4397","page","type-page","status-publish","hentry"],"_links":{"self":[{"href":"https:\/\/conshochiminh.esteri.it\/it\/wp-json\/wp\/v2\/pages\/4397","targetHints":{"allow":["GET"]}}],"collection":[{"href":"https:\/\/conshochiminh.esteri.it\/it\/wp-json\/wp\/v2\/pages"}],"about":[{"href":"https:\/\/conshochiminh.esteri.it\/it\/wp-json\/wp\/v2\/types\/page"}],"author":[{"embeddable":true,"href":"https:\/\/conshochiminh.esteri.it\/it\/wp-json\/wp\/v2\/users\/4"}],"replies":[{"embeddable":true,"href":"https:\/\/conshochiminh.esteri.it\/it\/wp-json\/wp\/v2\/comments?post=4397"}],"version-history":[{"count":3,"href":"https:\/\/conshochiminh.esteri.it\/it\/wp-json\/wp\/v2\/pages\/4397\/revisions"}],"predecessor-version":[{"id":6085,"href":"https:\/\/conshochiminh.esteri.it\/it\/wp-json\/wp\/v2\/pages\/4397\/revisions\/6085"}],"up":[{"embeddable":true,"href":"https:\/\/conshochiminh.esteri.it\/it\/wp-json\/wp\/v2\/pages\/40"}],"wp:attachment":[{"href":"https:\/\/conshochiminh.esteri.it\/it\/wp-json\/wp\/v2\/media?parent=4397"}],"curies":[{"name":"wp","href":"https:\/\/api.w.org\/{rel}","templated":true}]}}