{"id":42,"date":"2023-04-03T19:17:18","date_gmt":"2023-04-03T17:17:18","guid":{"rendered":"https:\/\/consolatozurigo.esteri.it\/?page_id=42"},"modified":"2023-10-19T14:10:35","modified_gmt":"2023-10-19T07:10:35","slug":"diplomazia-scientifica","status":"publish","type":"page","link":"https:\/\/conshochiminh.esteri.it\/it\/italia-e-vietnam\/diplomazia-scientifica\/","title":{"rendered":"Diplomazia scientifica"},"content":{"rendered":"<h3>La ricerca in Italia e in Vietnam<\/h3>\n<p>Il Vietnam, Paese in crescita, attento alle relazioni tra investimenti in alta formazione, ricerca scientifica, innovazione e ricadute industriali, offre notevoli opportunit\u00e0 sia sul versante dell\u2019alta formazione sia su quello del potenziale insediamento sul territorio di imprese italiane interessate a esplorare nuove possibilit\u00e0 di sviluppo. Lo stato dell&#8217;arte della ricerca \u00e8 articolato e qualitativamente interessante, di crescente competitivit\u00e0 e complessivamente di livello adeguato a impostare progetti di ricerca congiunti con il nostro sistema di ricerca (in particolare settore nano e bio-tecnologico), con ampi organici di ricercatori formati all&#8217;estero in strutture all&#8217;avanguardia.<\/p>\n<p>L&#8217;Italia gode di un capitale di stima e di riconoscimento che, opportunamente orientato, pu\u00f2 inserire il nostro sistema di ricerca negli ambiti funzionali allo sviluppo di una nostra presenza commerciale cui gli istituti vietnamiti guardano con grande interesse. In particolare: ricerca applicata all&#8217;industria agro-alimentare, biotecnologie e genomica, nanotecnologie e ingegneria meccanica e chimica.<\/p>\n","protected":false},"excerpt":{"rendered":"La ricerca in Italia e in Vietnam Il Vietnam, Paese in crescita, attento alle relazioni tra investimenti in alta formazione, ricerca scientifica, innovazione e ricadute industriali, offre notevoli opportunit\u00e0 sia sul versante dell\u2019alta formazione sia su quello del potenziale insediamento sul territorio di imprese italiane interessate a esplorare nuove possibilit\u00e0 di sviluppo. Lo stato dell&#8217;arte [&hellip;]","protected":false},"author":1,"featured_media":0,"parent":15,"menu_order":4,"comment_status":"closed","ping_status":"closed","template":"","meta":{"footnotes":""},"class_list":["post-42","page","type-page","status-publish","hentry"],"_links":{"self":[{"href":"https:\/\/conshochiminh.esteri.it\/it\/wp-json\/wp\/v2\/pages\/42","targetHints":{"allow":["GET"]}}],"collection":[{"href":"https:\/\/conshochiminh.esteri.it\/it\/wp-json\/wp\/v2\/pages"}],"about":[{"href":"https:\/\/conshochiminh.esteri.it\/it\/wp-json\/wp\/v2\/types\/page"}],"author":[{"embeddable":true,"href":"https:\/\/conshochiminh.esteri.it\/it\/wp-json\/wp\/v2\/users\/1"}],"replies":[{"embeddable":true,"href":"https:\/\/conshochiminh.esteri.it\/it\/wp-json\/wp\/v2\/comments?post=42"}],"version-history":[{"count":1,"href":"https:\/\/conshochiminh.esteri.it\/it\/wp-json\/wp\/v2\/pages\/42\/revisions"}],"predecessor-version":[{"id":545,"href":"https:\/\/conshochiminh.esteri.it\/it\/wp-json\/wp\/v2\/pages\/42\/revisions\/545"}],"up":[{"embeddable":true,"href":"https:\/\/conshochiminh.esteri.it\/it\/wp-json\/wp\/v2\/pages\/15"}],"wp:attachment":[{"href":"https:\/\/conshochiminh.esteri.it\/it\/wp-json\/wp\/v2\/media?parent=42"}],"curies":[{"name":"wp","href":"https:\/\/api.w.org\/{rel}","templated":true}]}}