{"id":41,"date":"2023-04-03T19:17:04","date_gmt":"2023-04-03T17:17:04","guid":{"rendered":"https:\/\/consolatozurigo.esteri.it\/?page_id=41"},"modified":"2023-10-19T16:38:25","modified_gmt":"2023-10-19T09:38:25","slug":"diplomazia-culturale","status":"publish","type":"page","link":"https:\/\/conshochiminh.esteri.it\/it\/italia-e-vietnam\/diplomazia-culturale\/","title":{"rendered":"Diplomazia culturale"},"content":{"rendered":"<p>La cooperazione culturale rappresenta uno dei pilastri su cui si fonda l&#8217;azione italiana in Vietnam e si pone l&#8217;obiettivo di rispondere alla domanda di cultura italiana che si registra in questo Paese.<\/p>\n<p>Eventi culturali incentrati sulle eccellenze italiane in campo artistico, architettonico, letterario, musicale, eno-gastronomico, della moda e molto altro consentono di far conoscere meglio al pubblico vietnamita quali sono i punti di forza della cultura italiana.<\/p>\n<p>Inoltre, attraverso lo studio della lingua italiana \u00e8 possibile edificare un ponte indistruttibile fra i giovani dei due Paesi. Grazie a questo ponte \u00e8 possibile una condivisione di esperienze, conoscenze, valori e identit\u00e0 che avvicina davvero Italia e Vietnam.<\/p>\n<p>Le opportunit\u00e0 per studenti vietnamiti di intraprendere il proprio percorso universitario in Italia sono in continuo aumento: borse di studio messe a disposizione da molte Universit\u00e0 e dal MAECI stesso,\u00a0contributi finanziari specifici e molto altro. Alcune universit\u00e0 italiane organizzano corsi di lingua vietnamita e prevedono scambi di studenti. L&#8217;obiettivo \u00e8 quello di favorire livelli di cooperazione tali da consentire mobilit\u00e0 di studenti e\u00a0ricercatori e stimolare progetti di ricerca congiunta.<\/p>\n","protected":false},"excerpt":{"rendered":"La cooperazione culturale rappresenta uno dei pilastri su cui si fonda l&#8217;azione italiana in Vietnam e si pone l&#8217;obiettivo di rispondere alla domanda di cultura italiana che si registra in questo Paese. Eventi culturali incentrati sulle eccellenze italiane in campo artistico, architettonico, letterario, musicale, eno-gastronomico, della moda e molto altro consentono di far conoscere meglio [&hellip;]","protected":false},"author":1,"featured_media":0,"parent":15,"menu_order":2,"comment_status":"closed","ping_status":"closed","template":"","meta":{"footnotes":""},"class_list":["post-41","page","type-page","status-publish","hentry"],"_links":{"self":[{"href":"https:\/\/conshochiminh.esteri.it\/it\/wp-json\/wp\/v2\/pages\/41","targetHints":{"allow":["GET"]}}],"collection":[{"href":"https:\/\/conshochiminh.esteri.it\/it\/wp-json\/wp\/v2\/pages"}],"about":[{"href":"https:\/\/conshochiminh.esteri.it\/it\/wp-json\/wp\/v2\/types\/page"}],"author":[{"embeddable":true,"href":"https:\/\/conshochiminh.esteri.it\/it\/wp-json\/wp\/v2\/users\/1"}],"replies":[{"embeddable":true,"href":"https:\/\/conshochiminh.esteri.it\/it\/wp-json\/wp\/v2\/comments?post=41"}],"version-history":[{"count":2,"href":"https:\/\/conshochiminh.esteri.it\/it\/wp-json\/wp\/v2\/pages\/41\/revisions"}],"predecessor-version":[{"id":629,"href":"https:\/\/conshochiminh.esteri.it\/it\/wp-json\/wp\/v2\/pages\/41\/revisions\/629"}],"up":[{"embeddable":true,"href":"https:\/\/conshochiminh.esteri.it\/it\/wp-json\/wp\/v2\/pages\/15"}],"wp:attachment":[{"href":"https:\/\/conshochiminh.esteri.it\/it\/wp-json\/wp\/v2\/media?parent=41"}],"curies":[{"name":"wp","href":"https:\/\/api.w.org\/{rel}","templated":true}]}}