{"id":39,"date":"2023-04-03T19:16:29","date_gmt":"2023-04-03T17:16:29","guid":{"rendered":"https:\/\/consolatozurigo.esteri.it\/?page_id=39"},"modified":"2026-03-04T15:29:17","modified_gmt":"2026-03-04T08:29:17","slug":"la-rete-consolare","status":"publish","type":"page","link":"https:\/\/conshochiminh.esteri.it\/it\/chi-siamo\/la-rete-consolare\/","title":{"rendered":"La Rete Consolare"},"content":{"rendered":"<p>Oltre all&#8217;Ufficio Consolare e Visti dell&#8217;Ambasciata ad Hanoi, in Vietnam \u00e8 presente anche un Consolato Generale ad Ho Chi Minh City.<\/p>\n<p>&nbsp;<\/p>\n<p><strong>L\u2019Ambasciata d&#8217;Italia a Hanoi<\/strong><\/p>\n<p>Marco Della Seta, Ambasciatore d&#8217;Italia a Hanoi dal 7 agosto 2023<\/p>\n<p>9 Le Phung Hieu, Hoan Kiem, HANOI<\/p>\n<p>tel. (+84)-024-38256256\/fax. (+84)-024-38267602<\/p>\n<p>&nbsp;<\/p>\n<p><strong>Telefono di emergenza<\/strong> per i connazionali: +84 (0) 90 3430950 (da contattare esclusivamente in caso di emergenze durante gli orari di chiusura degli Uffici dell&#8217;Ambasciata, inclusi sabato, domenica e giorni festivi)<\/p>\n<p>&nbsp;<\/p>\n<p><strong>Sezione Consolare e Visti tel\u00a0<span class=\"baec5a81-e4d6-4674-97f3-e9220f0136c1\">+84 24 38256256<\/span>\u00a0ext. 120\/115<\/strong><\/p>\n<p><em>Orario di apertura al pubblico Sezione Consolare:<\/em><\/p>\n<p>Luned\u00ec, Marted\u00ec, Gioved\u00ec e Venerd\u00ec: dalle 09.30 alle 12.30<br \/>\nMercoled\u00ec: dalle 14:00 alle 16:00<\/p>\n<p>NB:\u00a0Gli sportelli sono aperti solo su appuntamento, tranne che per le certificazioni di esistenza in vita e i servizi elettorali. E\u2019 necessario richiedere un appuntamento via email all\u2019indirizzo\u00a0<a href=\"mailto:consolare.hanoi@esteri.it\">consolare.hanoi@esteri.it<\/a>\u00a0con almeno 1 settimana di anticipo.<\/p>\n<p><em>Orario di apertura al pubblico Sezione visti:<\/em><\/p>\n<p>Per presentare la domanda e per ritirare il visto: Marted\u00ec e Gioved\u00ec dalle 09.30 alle 12.00.<\/p>\n<p>NB:\u00a0Gli sportelli sono aperti solo su appuntamento. E\u2019 necessario richiedere un appuntamento via email all\u2019indirizzo\u00a0<a href=\"mailto:consolare.hanoi@esteri.it\">visti.hanoi@esteri.it<\/a>\u00a0con almeno 1 settimana di anticipo.<\/p>\n<p>&nbsp;<\/p>\n<p><strong>Agenzia ICE &#8211; Italian Trade and Investment Agency<\/strong><\/p>\n<p>Saigon Trade Center \u2013 floor 22, unit 2205 \u2013 37 Ton Duc Thang street, Ben Nghe Ward, district 1, Ho Chi Minh City<\/p>\n<p>Tel: 008428\/38228813<\/p>\n<p>Fax: 008428\/38228814<\/p>\n<p>E-mail:\u00a0<a href=\"mailto:hochiminh@ice.it\">hochiminh@ice.it<\/a><\/p>\n<p>Direttrice: Dott.sa Ilaria PICCINNI<\/p>\n<p><a href=\"https:\/\/www.ice.it\/it\/mercati\/vietnam\/ho-chi-minh-city\">https:\/\/www.ice.it\/it\/mercati\/vietnam\/ho-chi-minh-city<\/a><\/p>\n","protected":false},"excerpt":{"rendered":"Oltre all&#8217;Ufficio Consolare e Visti dell&#8217;Ambasciata ad Hanoi, in Vietnam \u00e8 presente anche un Consolato Generale ad Ho Chi Minh City. &nbsp; L\u2019Ambasciata d&#8217;Italia a Hanoi Marco Della Seta, Ambasciatore d&#8217;Italia a Hanoi dal 7 agosto 2023 9 Le Phung Hieu, Hoan Kiem, HANOI tel. (+84)-024-38256256\/fax. (+84)-024-38267602 &nbsp; Telefono di emergenza per i connazionali: +84 [&hellip;]","protected":false},"author":1,"featured_media":0,"parent":13,"menu_order":12,"comment_status":"closed","ping_status":"closed","template":"","meta":{"footnotes":""},"class_list":["post-39","page","type-page","status-publish","hentry"],"_links":{"self":[{"href":"https:\/\/conshochiminh.esteri.it\/it\/wp-json\/wp\/v2\/pages\/39","targetHints":{"allow":["GET"]}}],"collection":[{"href":"https:\/\/conshochiminh.esteri.it\/it\/wp-json\/wp\/v2\/pages"}],"about":[{"href":"https:\/\/conshochiminh.esteri.it\/it\/wp-json\/wp\/v2\/types\/page"}],"author":[{"embeddable":true,"href":"https:\/\/conshochiminh.esteri.it\/it\/wp-json\/wp\/v2\/users\/1"}],"replies":[{"embeddable":true,"href":"https:\/\/conshochiminh.esteri.it\/it\/wp-json\/wp\/v2\/comments?post=39"}],"version-history":[{"count":4,"href":"https:\/\/conshochiminh.esteri.it\/it\/wp-json\/wp\/v2\/pages\/39\/revisions"}],"predecessor-version":[{"id":6065,"href":"https:\/\/conshochiminh.esteri.it\/it\/wp-json\/wp\/v2\/pages\/39\/revisions\/6065"}],"up":[{"embeddable":true,"href":"https:\/\/conshochiminh.esteri.it\/it\/wp-json\/wp\/v2\/pages\/13"}],"wp:attachment":[{"href":"https:\/\/conshochiminh.esteri.it\/it\/wp-json\/wp\/v2\/media?parent=39"}],"curies":[{"name":"wp","href":"https:\/\/api.w.org\/{rel}","templated":true}]}}