{"id":3899,"date":"2024-10-21T16:47:24","date_gmt":"2024-10-21T09:47:24","guid":{"rendered":"https:\/\/conshochiminh.esteri.it\/?page_id=3899"},"modified":"2024-11-25T16:19:27","modified_gmt":"2024-11-25T09:19:27","slug":"verifica-preliminare-prima-di-richiedere-un-visto","status":"publish","type":"page","link":"https:\/\/conshochiminh.esteri.it\/it\/servizi-consolari-e-visti\/servizi-per-il-cittadino-straniero\/visti\/verifica-preliminare-prima-di-richiedere-un-visto\/","title":{"rendered":"Verifica preliminare prima di richiedere un visto"},"content":{"rendered":"<ul>\n<li>Verificare che l\u2019Italia sia la destinazione principale in termini di durata e di finalit\u00e0 del soggiorno.<\/li>\n<li>Consultare preliminarmente il sito<em>\u00a0<\/em><a href=\"https:\/\/vistoperitalia.esteri.it\">https:\/\/vistoperitalia.esteri.it<\/a><em>,\u00a0<\/em>dove sono disponibili informazioni e avvertenze in merito al rilascio dei visti d\u2019ingresso in Italia, sulla base delle finalit\u00e0 del soggiorno.<\/li>\n<li>Verificare la tipologia di visto necessaria, sulla base della durata e delle finalit\u00e0 del soggiorno. Il VISTO SCHENGEN (\u201cVSU\u201d) consente al titolare di circolare nel territorio Schengen (vale a dire Austria, Belgio, Bulgaria, Croazia, Repubblica Ceca, Danimarca, Estonia, Finlandia, Francia, Germania, Grecia, Ungheria, Italia, Lettonia, Liechtenstein, Lituania, Islanda, Lussemburgo, Malta, Paesi Bassi, Norvegia, Polonia, Portogallo, Romania, Slovacchia, Slovenia, Spagna, Svezia e Svizzera) e pu\u00f2 essere rilasciato per un massimo di 90 giorni. I visti Schengen (tipo \u201cC\u201d) possono essere rilasciati per i seguenti motivi: transito, affari, turismo, studio, motivi religiosi, invito, missione, lavoro autonomo, lavoro subordinato, gare sportive, cure mediche. Il VISTO NAZIONALE (\u201cVN\u201d)valido solo per l\u2019Italia, pu\u00f2 essere rilasciato fino a un massimo di 365 giorni. I visti nazionali (tipo \u201cD\u201d) possono essere rilasciati per i seguenti motivi: adozione, studio, motivi familiari, motivi religiosi, cure mediche, lavoro autonomo, lavoro subordinato,\u00a0 diplomatici, missione, residenza elettiva, reingresso, vacanze-lavoro.<\/li>\n<li>Verificare che sia il Consolato Generale d\u2019Italia a Ho Chi Minh City (e non l\u2019Ambasciata d\u2019Italia a Hanoi) ad essere competente per il rilascio del visto. Il Consolato Generale d\u2019Italia a Ho Chi Minh City \u00e8 competente per i richiedenti visto (cittadini vietnamiti e stranieri residenti stabilmente) residenti nelle seguenti 22 province: Th\u1eeba Thi\u00ean-Hu\u1ebf, \u0110\u00e0 N\u1eb5ng, Qu\u1ea3ng Nam, Qu\u1ea3ng Ng\u00e3i, B\u00ecnh \u0110\u1ecbnh, Ph\u00fa Y\u00ean, Kh\u00e1nh H\u00f2a, Ninh Thu\u1eadn, B\u00ecnh Thu\u1eadn, B\u00ecnh D\u01b0\u01a1ng, \u0110\u1ed3ng Nai, H\u1ed3 Ch\u00ed Minh, B\u00e0 R\u1ecba-V\u0169ng T\u00e0u, Long An, Ti\u1ec1n Giang, C\u1ea7n Th\u01a1, V\u0129nh Long, B\u1ebfn Tre, H\u1eadu Giang, Tr\u00e0 Vinh, B\u1ea1c Li\u00eau, C\u00e0 Mau.<\/li>\n<li>Controllare il periodo di validit\u00e0 del proprio passaporto. Essa deve superare di almeno tre mesi la data di scadenza del visto (o la prevista data di uscita dall\u2019area Schengen). Controllare anche che la foto sul passaporto corrisponda alle attuali sembianze. Le foto da unire alla richiesta di visto non devono essere modificate da programmi informatici.<\/li>\n<li>Tenere presente che la domanda di visto pu\u00f2 essere presentata non prima di sei mesi dall\u2019inizio del viaggio previsto.<\/li>\n<li>Verificare la data desiderata per la partenza, tenendo presente che la decisione sulla domanda \u00e8 presa entro 15 giorni di calendario dalla data della presentazione di una richiesta ricevibile. Detto termine pu\u00f2 essere prorogato fino a un massimo di 45 giorni di calendario in singoli casi, segnatamente quando si rende necessario un ulteriore esame della domanda.<\/li>\n<\/ul>\n<p><strong>Dopo aver controllato quanto sopra:<\/strong><\/p>\n<p>Verificare i documenti necessari nelle pagine seguenti o sul <a href=\"https:\/\/visa.vfsglobal.com\/vnm\/it\/ita\">sito della societ\u00e0 di outsourcing VFS Global<\/a>, e procedere alla loro preparazione.<\/p>\n","protected":false},"excerpt":{"rendered":"Verificare che l\u2019Italia sia la destinazione principale in termini di durata e di finalit\u00e0 del soggiorno. Consultare preliminarmente il sito\u00a0https:\/\/vistoperitalia.esteri.it,\u00a0dove sono disponibili informazioni e avvertenze in merito al rilascio dei visti d\u2019ingresso in Italia, sulla base delle finalit\u00e0 del soggiorno. Verificare la tipologia di visto necessaria, sulla base della durata e delle finalit\u00e0 del soggiorno. [&hellip;]","protected":false},"author":1,"featured_media":0,"parent":95,"menu_order":0,"comment_status":"closed","ping_status":"closed","template":"","meta":{"footnotes":""},"class_list":["post-3899","page","type-page","status-publish","hentry"],"_links":{"self":[{"href":"https:\/\/conshochiminh.esteri.it\/it\/wp-json\/wp\/v2\/pages\/3899","targetHints":{"allow":["GET"]}}],"collection":[{"href":"https:\/\/conshochiminh.esteri.it\/it\/wp-json\/wp\/v2\/pages"}],"about":[{"href":"https:\/\/conshochiminh.esteri.it\/it\/wp-json\/wp\/v2\/types\/page"}],"author":[{"embeddable":true,"href":"https:\/\/conshochiminh.esteri.it\/it\/wp-json\/wp\/v2\/users\/1"}],"replies":[{"embeddable":true,"href":"https:\/\/conshochiminh.esteri.it\/it\/wp-json\/wp\/v2\/comments?post=3899"}],"version-history":[{"count":5,"href":"https:\/\/conshochiminh.esteri.it\/it\/wp-json\/wp\/v2\/pages\/3899\/revisions"}],"predecessor-version":[{"id":4143,"href":"https:\/\/conshochiminh.esteri.it\/it\/wp-json\/wp\/v2\/pages\/3899\/revisions\/4143"}],"up":[{"embeddable":true,"href":"https:\/\/conshochiminh.esteri.it\/it\/wp-json\/wp\/v2\/pages\/95"}],"wp:attachment":[{"href":"https:\/\/conshochiminh.esteri.it\/it\/wp-json\/wp\/v2\/media?parent=3899"}],"curies":[{"name":"wp","href":"https:\/\/api.w.org\/{rel}","templated":true}]}}