{"id":379,"date":"2023-10-12T10:25:08","date_gmt":"2023-10-12T03:25:08","guid":{"rendered":"https:\/\/conshochiminh.esteri.it\/?page_id=379"},"modified":"2025-05-30T12:13:36","modified_gmt":"2025-05-30T05:13:36","slug":"faq-passaporti","status":"publish","type":"page","link":"https:\/\/conshochiminh.esteri.it\/it\/servizi-consolari-e-visti\/servizi-per-il-cittadino-italiano\/passaporti-e-carte-didentita\/faq-passaporti\/","title":{"rendered":"FAQ passaporti"},"content":{"rendered":"<p><strong>Indice<br \/>\n<\/strong><\/p>\n<p><em>1 &#8211; Quanto tempo prima della scadenza del mio attuale passaporto posso chiedere l\u2019emissione di un nuovo passaporto?<\/em><\/p>\n<p><em>2 &#8211; Mi sono trasferito in Vietnam e sul mio passaporto ho la vecchia residenza. Adesso vorrei stampare la nuova residenza come faccio?<\/em><\/p>\n<p><em>3 &#8211; I passaporti dei miei figli, minori di 14 anni, non contengono i nomi dei genitori. Come faccio a chiederne l\u2019inserimento?<\/em><\/p>\n<p><em>4 &#8211; Ho bisogno del passaporto con urgenza ma non ci sono appuntamenti disponibili prima della mia partenza. Come fare?<\/em><\/p>\n<p><em>5 &#8211; Sono un turista sprovvisto di passaporto\/carta di identit\u00e0 (per smarrimento o furto) e devo rientrare in Italia con urgenza. Come fare?<\/em><\/p>\n<p><em>6 &#8211; All\u2019aeroporto mi hanno fermato dicendo che il mio documento \u00e8 danneggiato\/deteriorato. Posso rifarlo qui in Vietnam?<\/em><\/p>\n<p><em>7 &#8211; All\u2019aeroporto mi hanno strappato il documento alla dogana\/aeroporto cosa posso fare?<\/em><\/p>\n<p><em>8 &#8211; Mi hanno sequestrato il passaporto dicendo che risulta rubato o che vi era una denuncia, cosa posso fare per riottenerlo?<\/em><\/p>\n<p><em>9 &#8211; Ho prenotato un viaggio e mi sono solo ora accorto\/a che il mio passaporto \u00e8 scaduto\/in procinto di scadere. Cosa posso fare?<\/em><\/p>\n<p><em>10 &#8211; Avviso per l\u2019ingresso o il transito negli Stati Uniti d\u2019America<\/em><\/p>\n<p><em>11 &#8211; Foto per passaporti (caratteristiche particolari a norma ICAO)<\/em><\/p>\n<p><em>12 &#8211; Quali documenti di viaggio italiani sono accettati per l&#8217;ingresso in Vietnam?<\/em><\/p>\n<p>&nbsp;<\/p>\n<p><strong>Risposte<\/strong><\/p>\n<p><strong><em>1 &#8211; Quanto\u00a0tempo prima della scadenza del mio attuale passaporto posso chiedere l\u2019emissione di un nuovo passaporto?<\/em><\/strong><\/p>\n<p>Si suggerisce di chiedere l\u2019emissione del passaporto Non prima di sei mesi dalla scadenza a meno che il suo attuale passaporto risulti deteriorato o con pagine visti complete.<\/p>\n<p><strong><em>2 &#8211; Mi sono trasferito in Vietnam e sul mio passaporto ho la vecchia residenza. Adesso vorrei stampare la nuova residenza come faccio?<\/em><\/strong><\/p>\n<p>Se il richiedente \u00e8 regolarmente iscritto all\u2019A.I.R.E, residente\u00a0nella Circoscrizione consolare di Ho Chi Minh City, e ha ricevuto conferma dal proprio Comune A.I.R.E,\u00a0 potr\u00e0 richiedere l\u2019inserimento recandosi in Consolato previo appuntamento munito del proprio passaporto. Tuttavia, per i non iscritti A.I.R.E della circoscrizione Consolare di Ho Chi Minh City e Vietnam (non residenti), o per coloro che hanno fatto richiesta di iscrizione A.I.R.E recentemente (vedi A.I.R.E), non sar\u00e0 possibile apporre la nuova residenza fino a quando la pratica di iscrizione non verr\u00e0 completata e non si sar\u00e0 ricevuta conferma di avvenuta iscrizione dal proprio Comune A.I.R.E.<\/p>\n<p><strong><em>3 &#8211; I passaporti dei miei figli, minori di 14 anni, non contengono i nomi dei genitori. Come faccio a chiederne l\u2019inserimento?<\/em><\/strong><\/p>\n<p>Dal 25 Novembre 2009 tutti i passaporti rilasciati ai minori di anni 14 devono contenere l\u2019indicazione dei genitori del minore. Nel caso in cui un minore di 14 anni sia in possesso di un passaporto valido che non contiene l\u2019indicazione dei genitori se ne potr\u00e0 richiedere l\u2019inserimento recandosi in Consolato previo appuntamento. Sar\u00e0 sufficiente la presenza di uno dei genitori che dovr\u00e0 essere munito del passaporto del minore e dei passaporti dei due genitori. Non \u00e8 necessaria la presenza del minore.<\/p>\n<p><strong><em>4 &#8211; Ho bisogno del passaporto con urgenza ma non ci sono appuntamenti disponibili prima della mia partenza. Come fare?<\/em><\/strong><\/p>\n<p>Nei casi di comprovata urgenza, il cittadino italiano residente nella circoscrizione Consolare di Ho Chi Minh City pu\u00f2 richiedere il passaporto recandosi in Consolato senza appuntamento, dalle ore 09.00 alle ore 12.00, dal luned\u00ec al venerd\u00ec, con i documenti necessari.<\/p>\n<p><strong><em>5 &#8211; Sono un turista sprovvisto di passaporto\/carta di identit\u00e0 (per smarrimento o furto) e devo rientrare in Italia con urgenza. Come fare?<\/em><\/strong><\/p>\n<p>Il Consolato Generale pu\u00f2 rilasciare un documento provvisorio chiamato ETD (Emergency Travel Document), valido per il solo rientro in Italia o nel Paese di residenza dove si risulta iscritti all\u2019A.I.R.E. Per ottenere un documento di viaggio occorre presentarsi in Consolato senza appuntamento dalle ore 9:00 alle ore 12:00 e dalle 14:00 alle 16:30 dal luned\u00ec al gioved\u00ec, e il venerdi dalle ore 9.00 alle ore 12.00. Al di fuori di tali orari, non sar\u00e0 possibile rilasciare gli ETD, se non in casi di particolare, comprovata emergenza, segnalati al numero di cellulare d\u2019emergenza.<\/p>\n<p><strong><em>6 &#8211; All\u2019aeroporto mi hanno fermato dicendo che il mio documento \u00e8 danneggiato\/deteriorato. Posso rifarlo qui in Vietnam?<\/em><\/strong><\/p>\n<p>Tutti i cittadini italiani possono richiedere il passaporto italiano tramite il Consolato Generale D\u2019Italia a Ho Chi Minh City ma\u00a0solo previo appuntamento\u00a0o nei casi di comprovata urgenza. Per ulteriori informazioni consultare la sezione principale Passaporti<\/p>\n<p><strong><em>7 &#8211; All\u2019aeroporto mi hanno strappato il documento alla dogana\/aeroporto cosa posso fare?<\/em><\/strong><\/p>\n<p>Purtroppo una volta che il passaporto risulta deteriorato \/danneggiato, dovr\u00e0 essere emesso ex novo. Tutti i cittadini italiani, possono richiedere il passaporto italiano tramite il Consolato Generale d\u2019Italia a Ho Chi Minh City\u00a0ma solo previo appuntamento\u00a0o nei casi di comprovata urgenza. Per ulteriori informazioni consultare la sezione principale Passaporti<\/p>\n<p><strong><em>8 &#8211; Mi hanno sequestrato il passaporto dicendo che risulta rubato o che vi era una denuncia, cosa posso fare per riottenerlo?<\/em><\/strong><\/p>\n<p>In primo luogo pu\u00f2 controllare se vi \u00e8 una denuncia ancora attiva per il suo documento, consultando direttamente il sito della Polizia di Stato. Si d\u00e0 il caso che non sempre vengono cancellate precedenti denunce di smarrimento, ed inserite nuove denunce di ritrovamento. Ad ogni modo si rende noto all\u2019utenza che i passaporti oggetto di ritiro da parte delle locali Autorit\u00e0 di Frontiera, o in caso di furto o smarrimento e successivamente rinvenuti da parte delle locali Autorit\u00e0, vengono di norma restituiti a questo Ufficio consolare. Si avverte che la consegna a questo Ufficio consolare avviene normalmente a distanza di diverse settimane dal ritrovamento o dal sequestro del documento, normalmente non meno di 6 settimane. Chi abbia subito un ritiro\/furto\/smarrimento del proprio passaporto nell\u2019ambito di questa circoscrizione consolare e voglia verificare se il documento sia stato rinvenuto, potr\u00e0 pertanto contattare questo Ufficio consolare.<\/p>\n<p><strong><em>9 &#8211; Ho prenotato un viaggio e mi sono solo ora accorto\/a che il mio passaporto \u00e8 scaduto\/in procinto di scadere. Cosa posso fare?<\/em><\/strong><\/p>\n<p>L\u2019aver prenotato una vacanza o il solo acquisto di un titolo di viaggio non costituisce emergenza e non d\u00e0 diritto a richiedere un passaporto di urgenza.<\/p>\n<p>Nei casi di comprovata urgenza, il cittadino italiano residente nella circoscrizione Consolare di Ho Chi Minh City, pu\u00f2 richiedere il passaporto recandosi in Consolato previo appuntamento con i documenti necessari.<\/p>\n<p><strong><em>10 &#8211; Avviso per l\u2019ingresso o il transito negli Stati Uniti d\u2019America<\/em><\/strong><\/p>\n<p>Il passaporto biometrico facilita l\u2019ingresso negli Stati Uniti. Si ricorda che i figli minori devono anch\u2019essi muniti di passaporto individuale. Per maggiori informazioni si invita a consultare il sito web www.viaggiaresicuri.it oppure il sito del Consolato statunitense a Ho Chi Minh City www.usembassy.org.vn.<\/p>\n<p><strong><em>11 &#8211; Foto per passaporti (caratteristiche particolari a norma ICAO<\/em>)<\/strong><\/p>\n<p>Le fotografie dovranno essere formato tessera identiche e recenti (non oltre 6 mesi), conforme agli standard internazionali ICAO (vedi\u00a0<a href=\"https:\/\/conshochiminh.esteri.it\/wp-content\/uploads\/2023\/11\/passaporto_requisiti_fotografia_e_specifiche_icao-1.pdf\">guidelines<\/a>).<\/p>\n<p><strong><em>12 &#8211; Quali documenti di viaggio italiani sono accettati per l&#8217;ingresso in Vietnam?<\/em><\/strong><\/p>\n<p>\u00c8 necessario il possesso di un passaporto valido con visto di ingresso, o in esenzione per soggiorni di turismo\/affari inferiori a 45 giorni nei casi specificati sul sito web <a href=\"http:\/\/www.viaggiaresicuri.it\/\">www.viaggiaresicuri.it<\/a>.<\/p>\n","protected":false},"excerpt":{"rendered":"Indice 1 &#8211; Quanto tempo prima della scadenza del mio attuale passaporto posso chiedere l\u2019emissione di un nuovo passaporto? 2 &#8211; Mi sono trasferito in Vietnam e sul mio passaporto ho la vecchia residenza. Adesso vorrei stampare la nuova residenza come faccio? 3 &#8211; I passaporti dei miei figli, minori di 14 anni, non contengono [&hellip;]","protected":false},"author":7,"featured_media":0,"parent":67,"menu_order":2,"comment_status":"closed","ping_status":"closed","template":"","meta":{"footnotes":""},"class_list":["post-379","page","type-page","status-publish","hentry"],"_links":{"self":[{"href":"https:\/\/conshochiminh.esteri.it\/it\/wp-json\/wp\/v2\/pages\/379","targetHints":{"allow":["GET"]}}],"collection":[{"href":"https:\/\/conshochiminh.esteri.it\/it\/wp-json\/wp\/v2\/pages"}],"about":[{"href":"https:\/\/conshochiminh.esteri.it\/it\/wp-json\/wp\/v2\/types\/page"}],"author":[{"embeddable":true,"href":"https:\/\/conshochiminh.esteri.it\/it\/wp-json\/wp\/v2\/users\/7"}],"replies":[{"embeddable":true,"href":"https:\/\/conshochiminh.esteri.it\/it\/wp-json\/wp\/v2\/comments?post=379"}],"version-history":[{"count":6,"href":"https:\/\/conshochiminh.esteri.it\/it\/wp-json\/wp\/v2\/pages\/379\/revisions"}],"predecessor-version":[{"id":4599,"href":"https:\/\/conshochiminh.esteri.it\/it\/wp-json\/wp\/v2\/pages\/379\/revisions\/4599"}],"up":[{"embeddable":true,"href":"https:\/\/conshochiminh.esteri.it\/it\/wp-json\/wp\/v2\/pages\/67"}],"wp:attachment":[{"href":"https:\/\/conshochiminh.esteri.it\/it\/wp-json\/wp\/v2\/media?parent=379"}],"curies":[{"name":"wp","href":"https:\/\/api.w.org\/{rel}","templated":true}]}}