{"id":3638,"date":"2024-07-02T12:20:19","date_gmt":"2024-07-02T05:20:19","guid":{"rendered":"https:\/\/conshochiminh.esteri.it\/?page_id=3638"},"modified":"2025-06-10T12:31:17","modified_gmt":"2025-06-10T05:31:17","slug":"faq-carte-didentita","status":"publish","type":"page","link":"https:\/\/conshochiminh.esteri.it\/it\/servizi-consolari-e-visti\/servizi-per-il-cittadino-italiano\/passaporti-e-carte-didentita\/faq-carte-didentita\/","title":{"rendered":"FAQ Carte d&#8217;identit\u00e0"},"content":{"rendered":"<p><strong>Che cos\u2019\u00e8 la carta d\u2019identit\u00e0 elettronica?<\/strong><br \/>\nLa carta d\u2019identit\u00e0 elettronica (CIE) \u00e8 un documento personale di riconoscimento valido per identificarsi e circolare nell\u2019Unione Europea, negli Stati aderenti all\u2019accordo di Schengen e in altri Stati con cui sono stati raggiunti accordi bilaterali (vedasi le singole \u201cschede Paese\u201d sul sito <a href=\"http:\/\/www.viaggiaresicuri.it\/\">www.viaggiaresicuri.it<\/a>).<br \/>\nRispetto alla versione cartacea, la CIE riporta anche il codice fiscale e attraverso un microchip e un codice PIN permette l\u2019accesso ai servizi digitali della Pubblica Amministrazione e ai servizi privati che aderiscono al servizio, proprio come lo SPID. Attraverso l\u2019app CieSign, \u00e8 possibile firmare elettronicamente documenti.<\/p>\n<p>Nota bene: la Carta d\u2019identit\u00e0 elettronica non viene rilasciata a vista. In Consolato vengono acquisite le impronte biometriche e istruita telematicamente la pratica, mentre la Carta \u00e8 emessa dall\u2019Istituto Poligrafico e Zecca dello Stato che ne cura anche la spedizione via posta all\u2019indirizzo\u00a0 del Consolato a partire dai 15 giorni dall&#8217;invio in produzione con tempi di consegna che possono variare a seconda dei Paesi di destinazione. Il connazionale potr\u00e0 seguire la spedizione autonomamente online, attraverso il codice di tracciamento.<\/p>\n<ol>\n<li style=\"list-style-type: none;\">\n<ol>\n<li><strong>A chi pu\u00f2 essere rilasciata la carta d\u2019identit\u00e0 elettronica?<\/strong><br \/>\n<strong>Ai cittadini italiani regolarmente residenti in questa circoscrizione consolare con iscrizione AIRE completa.<\/strong><br \/>\n<strong>Nel caso si sia cambiato l\u2019indirizzo di residenza<\/strong> (rispetto a quello comunicato in precedenza all\u2019Ufficio consolare), \u00e8 necessario chiedere la variazione di indirizzo tramite il portale Fast It prima di procedere alla prenotazione dell\u2019appuntamento.<\/li>\n<li><strong>Quando si pu\u00f2 richiedere?<\/strong><br \/>\n\u2022 In assenza o in sostituzione di una carta di identit\u00e0 cartacea valida;<br \/>\n\u2022 in caso di furto, smarrimento o deterioramento della carta precedente<br \/>\n\u2022 in caso di scadenza di precedente CIE.<\/li>\n<li><strong>Come si richiede la carta d\u2019identit\u00e0 elettronica?<\/strong><br \/>\nLa richiesta della carta d\u2019identit\u00e0 elettronica deve essere effettuata previa prenotazione dell\u2019appuntamento via mail all\u2019indirizzo <a href=\"mailto:hochiminh.consolato@esteri.it\">hochiminh.consolato@esteri.it <\/a>, indicando i dati anagrafici (compreso codice fiacale) e di residenza del richiedente.<strong>Qual \u00e8 la documentazione necessaria da portare con s\u00e9 al momento dell\u2019appuntamento per richiedere la carta d\u2019identit\u00e0 elettronica?<\/strong><br \/>\n1. Una fotografia formato tessera recente conforme agli standard internazionali ICAO;<br \/>\n2. Carta di identit\u00e0 precedente. In mancanza di questa, un documento di riconoscimento (anche se scaduto);<br \/>\n3. Dichiarazione di smarrimento\/furto della carta precedente, se del caso;<br \/>\n4. Atto di assenso di entrambi genitori nel caso in cui il richiedente sia un minore di 18 anni (v. punto 10).<\/li>\n<li><strong>Quanto tempo vale la carta d\u2019identit\u00e0 elettronica?<\/strong><br \/>\nLa validit\u00e0 della carta d\u2019identit\u00e0 elettronica varia a seconda dell\u2019et\u00e0 del titolare ed \u00e8 di:<br \/>\n\u2013 3 anni di validit\u00e0 per i minori di et\u00e0 compresa tra 0 e 3 anni;<br \/>\n\u2013 5 anni di validit\u00e0 per i minori di et\u00e0 compresa tra 4 e 17 anni;<br \/>\n\u2013 10 anni di validit\u00e0 per maggiorenni.<\/li>\n<li><strong>Quanto costa la carta d\u2019identit\u00e0 elettronica?<\/strong><br \/>\n<strong>I costi di emissione e di spedizione della CIE ammontano a: <\/strong><br \/>\n<strong>\u2022 euro 21,95 per il rilascio di una nuova tessera (prima emissione);<\/strong><br \/>\n<strong><strong>\u2022 euro 27,11 per il rilascio di un duplicato.<\/strong><\/strong><\/li>\n<li><strong>Cos\u2019\u00e8 l\u2019atto di assenso?<\/strong><br \/>\nL\u2019assenso per il rilascio della carta di identit\u00e0 per minorenni \u00e8 necessario anche in caso di genitori non sposati, separati o divorziati. <strong>Se l\u2019altro genitore \u00e8 un cittadino dell\u2019UE<\/strong>, non \u00e8 necessaria la presenza in Consolato dello stesso. Sar\u00e0 sufficiente il <a href=\"https:\/\/ambhanoi.esteri.it\/wp-content\/uploads\/2024\/06\/Atto-di-assenso-al-rilascio-del-passaporto-carta-didentita-a-minore.doc\"><u>modulo di assenso<\/u><\/a> compilato e firmato insieme a una fotocopia del passaporto o carta d\u2019identit\u00e0 di chi concede l\u2019assenso, per il confronto delle firme.<br \/>\nSe il genitore che concede l\u2019assenso non un cittadino dell\u2019UE, deve firmare la dichiarazione di assenso in una delle seguenti modalit\u00e0:<br \/>\n\u2022 presso la sede del Consolato il giorno dell\u2019appuntamento, munito di documento di identit\u00e0.<br \/>\n<strong>In caso di decesso di uno dei genitori<\/strong> occorre presentare una copia del certificato di morte.<br \/>\nNel caso in cui non fosse possibile ottenere l\u2019assenso dell\u2019altro genitore, sar\u00e0 necessario chiedere l\u2019emissione di un Decreto del Giudice Tutelare.<\/li>\n<li><strong>Devo chiedere una nuova carta se cambio indirizzo?<\/strong><br \/>\nNo. La carta d\u2019identit\u00e0 \u00e8 un documento di identit\u00e0 e non di residenza.<\/li>\n<li><strong>\u00c8 possibile chiedere l\u2019appuntamento per i miei figli minori?<\/strong><br \/>\nS\u00ec.<\/li>\n<li><strong>\u00c8 possibile per le donne sposate inserire il cognome del marito?<\/strong><br \/>\nNo. La carta d\u2019identit\u00e0 \u00e8 un documento di identit\u00e0 e non di stato civile.<\/li>\n<\/ol>\n<\/li>\n<\/ol>\n<p>&nbsp;<\/p>\n","protected":false},"excerpt":{"rendered":"Che cos\u2019\u00e8 la carta d\u2019identit\u00e0 elettronica? La carta d\u2019identit\u00e0 elettronica (CIE) \u00e8 un documento personale di riconoscimento valido per identificarsi e circolare nell\u2019Unione Europea, negli Stati aderenti all\u2019accordo di Schengen e in altri Stati con cui sono stati raggiunti accordi bilaterali (vedasi le singole \u201cschede Paese\u201d sul sito www.viaggiaresicuri.it). Rispetto alla versione cartacea, la CIE [&hellip;]","protected":false},"author":9,"featured_media":0,"parent":67,"menu_order":0,"comment_status":"closed","ping_status":"closed","template":"","meta":{"footnotes":""},"class_list":["post-3638","page","type-page","status-publish","hentry"],"_links":{"self":[{"href":"https:\/\/conshochiminh.esteri.it\/it\/wp-json\/wp\/v2\/pages\/3638","targetHints":{"allow":["GET"]}}],"collection":[{"href":"https:\/\/conshochiminh.esteri.it\/it\/wp-json\/wp\/v2\/pages"}],"about":[{"href":"https:\/\/conshochiminh.esteri.it\/it\/wp-json\/wp\/v2\/types\/page"}],"author":[{"embeddable":true,"href":"https:\/\/conshochiminh.esteri.it\/it\/wp-json\/wp\/v2\/users\/9"}],"replies":[{"embeddable":true,"href":"https:\/\/conshochiminh.esteri.it\/it\/wp-json\/wp\/v2\/comments?post=3638"}],"version-history":[{"count":6,"href":"https:\/\/conshochiminh.esteri.it\/it\/wp-json\/wp\/v2\/pages\/3638\/revisions"}],"predecessor-version":[{"id":4631,"href":"https:\/\/conshochiminh.esteri.it\/it\/wp-json\/wp\/v2\/pages\/3638\/revisions\/4631"}],"up":[{"embeddable":true,"href":"https:\/\/conshochiminh.esteri.it\/it\/wp-json\/wp\/v2\/pages\/67"}],"wp:attachment":[{"href":"https:\/\/conshochiminh.esteri.it\/it\/wp-json\/wp\/v2\/media?parent=3638"}],"curies":[{"name":"wp","href":"https:\/\/api.w.org\/{rel}","templated":true}]}}