{"id":15,"date":"2023-04-03T18:23:50","date_gmt":"2023-04-03T16:23:50","guid":{"rendered":"https:\/\/consolatozurigo.esteri.it\/?page_id=15"},"modified":"2026-03-17T12:59:31","modified_gmt":"2026-03-17T05:59:31","slug":"italia-e-vietnam","status":"publish","type":"page","link":"https:\/\/conshochiminh.esteri.it\/it\/italia-e-vietnam\/","title":{"rendered":"Italia e Vietnam"},"content":{"rendered":"<p>L&#8217;Italia \u00e8 stato fra i primi Paesi europei occidentali (il primo dell&#8217;allora CEE) a stabilire relazioni diplomatiche con il Vietnam, il 23 marzo 1973. A partire da quel momento \u00e8 sempre stato uno dei suoi principali partner ed ha avuto occasione di consolidare un rapporto costruito sull&#8217;amicizia e sul dialogo.<\/p>\n<p>Negli ultimi anni i rapporti bilaterali hanno conosciuto un\u2019intensificazione costante, soprattutto dal 2013, allorquando, in occasione delle celebrazioni per il 40o anniversario delle relazioni bilaterali, fu firmato a Roma un accordo di partenariato strategico che ha ampliato il ventaglio delle possibilit\u00e0 di collaborazione Italia-Vietnam in tutti i settori.<\/p>\n<p>Nel men\u00f9 a destra \u00e8 possibile trovare alcune informazioni in pi\u00f9 sui principali ambiti di collaborazione bilaterale.<\/p>\n<p><a href=\"https:\/\/conshochiminh.esteri.it\/it\/italia-e-vietnam\/diplomazia-economica\/incontri\/\">Incontri istituzionali Italia-Vietnam<\/a><\/p>\n<p><strong>IL SISTEMA ITALIA IN VIETNAM<\/strong><\/p>\n<p><em>Ambasciata d&#8217;Italia in Hanoi: <a href=\"https:\/\/ambhanoi.esteri.it\/it\/\">https:\/\/ambhanoi.esteri.it\/it\/<\/a><\/em><\/p>\n<p><em>Agenzia Italiana per la Cooperazione allo Sviluppo:\u00a0<a href=\"https:\/\/hanoi.aics.gov.it\/\">https:\/\/hanoi.aics.gov.it\/<\/a><br \/>\n<\/em><\/p>\n<p><em>Ufficio Uni-Italia in Hanoi:\u00a0<a href=\"http:\/\/uni-italia.vn\/\">http:\/\/uni-italia.vn\/<\/a><br \/>\n<\/em><\/p>\n<p><em>Consolato Generale in Ho Chi Minh City: <a href=\"https:\/\/conshochiminh.esteri.it\/consolato_hochiminh\/it\/\">https:\/\/conshochiminh.esteri.it\/<\/a><br \/>\n<\/em><\/p>\n<p><em>Agenzia ICE in Ho Chi Minh City:\u00a0<a href=\"https:\/\/www.ice.it\/it\/mercati\/vietnam\">https:\/\/www.ice.it\/it\/mercati\/vietnam<\/a><br \/>\n<\/em><\/p>\n<p><em>Ufficio SIMEST di Ho Chi Minh City:\u00a0<a href=\"https:\/\/www.simest.it\/sedi-estere\/\">https:\/\/www.simest.it\/sedi-estere\/<\/a><\/em><\/p>\n<p><em>Camera di Commercio Italiana in Vietnam (Hanoi e Ho Chi Minh City):\u00a0<a href=\"https:\/\/icham.org\/\">https:\/\/icham.org\/<\/a><\/em><\/p>\n","protected":false},"excerpt":{"rendered":"L&#8217;Italia \u00e8 stato fra i primi Paesi europei occidentali (il primo dell&#8217;allora CEE) a stabilire relazioni diplomatiche con il Vietnam, il 23 marzo 1973. A partire da quel momento \u00e8 sempre stato uno dei suoi principali partner ed ha avuto occasione di consolidare un rapporto costruito sull&#8217;amicizia e sul dialogo. Negli ultimi anni i rapporti [&hellip;]","protected":false},"author":1,"featured_media":0,"parent":0,"menu_order":4,"comment_status":"closed","ping_status":"closed","template":"","meta":{"footnotes":""},"class_list":["post-15","page","type-page","status-publish","hentry"],"_links":{"self":[{"href":"https:\/\/conshochiminh.esteri.it\/it\/wp-json\/wp\/v2\/pages\/15","targetHints":{"allow":["GET"]}}],"collection":[{"href":"https:\/\/conshochiminh.esteri.it\/it\/wp-json\/wp\/v2\/pages"}],"about":[{"href":"https:\/\/conshochiminh.esteri.it\/it\/wp-json\/wp\/v2\/types\/page"}],"author":[{"embeddable":true,"href":"https:\/\/conshochiminh.esteri.it\/it\/wp-json\/wp\/v2\/users\/1"}],"replies":[{"embeddable":true,"href":"https:\/\/conshochiminh.esteri.it\/it\/wp-json\/wp\/v2\/comments?post=15"}],"version-history":[{"count":6,"href":"https:\/\/conshochiminh.esteri.it\/it\/wp-json\/wp\/v2\/pages\/15\/revisions"}],"predecessor-version":[{"id":6242,"href":"https:\/\/conshochiminh.esteri.it\/it\/wp-json\/wp\/v2\/pages\/15\/revisions\/6242"}],"wp:attachment":[{"href":"https:\/\/conshochiminh.esteri.it\/it\/wp-json\/wp\/v2\/media?parent=15"}],"curies":[{"name":"wp","href":"https:\/\/api.w.org\/{rel}","templated":true}]}}